{"id":107,"date":"2015-03-01T13:25:44","date_gmt":"2015-03-01T12:25:44","guid":{"rendered":"http:\/\/rheinhausen-am-niederrhein.de\/wordpress\/?page_id=107"},"modified":"2015-03-01T13:25:44","modified_gmt":"2015-03-01T12:25:44","slug":"unterwelt","status":"publish","type":"page","link":"https:\/\/rheinhausen-am-niederrhein.de\/?page_id=107","title":{"rendered":"Unterwelt"},"content":{"rendered":"<p align=\"center\"><span style=\"font-family: Arial; font-size: x-large;\">Die Rheinhauser &#8222;Unterwelt&#8220;,<br \/>\ndirekt unter dem Markt<\/span><\/p>\n<p align=\"center\"><img decoding=\"async\" loading=\"lazy\" src=\"http:\/\/rheinhausen-am-niederrhein.de\/pics\/bunker02.jpg\" alt=\"\" width=\"512\" height=\"384\" border=\"0\" \/><\/p>\n<p align=\"left\"><span style=\"font-family: Arial;\"><span style=\"font-size: x-large;\">Im Untergrund mit Rudi Lisken<br \/>\n<\/span>Ein Erlebnisbericht von KLAUS THIEL-KLENNER<br \/>\n07.04.2005<\/span><\/p>\n<p>Das Wetter konnte sich nicht recht entscheiden: mal brannte die Sonne auf den Rheinhauser Marktplatz hinab, mal Regen.<br \/>\nImmer im Wechsel. Genau das richtige Wetter, um in den Untergrund zu gehen.<br \/>\nRudi Lisken hatte in den Bunker unter dem Marktplatz geladen und rund 80 interessierte B\u00fcrger waren gekommen, um seinem Vortrag mit Bildern aus der Rheinhauser Stadtgeschichte zu lauschen. Nach der Begr\u00fc\u00dfung und einer kleinen Einf\u00fchrung am Marktmeister-H\u00e4uschen ging es aus dann in die Tiefe.<br \/>\nEs dauerte eine Weile bis die zum gro\u00dfen Teil \u00e4lteren Teilnehmer die steile Treppe nach unten gemeistert hatten. Damals, als die Bomben auf Rheinhausen fielen, hatte das alles sehr viel schneller gehen m\u00fcssen. Heute hatte man gl\u00fccklicherweise mehr Zeit und die Gefahr geht nur noch von der Treppe selbst aus. Darauf, dass das \u201eBetreten auf eigene Gefahr\u201c war, hatte Rudi Lisken vorher noch hingewiesen. Ohne Zwischenf\u00e4lle erreichte die Gruppe den Bunker und wurde von Lisken zun\u00e4chst einen langen Tunnel entlang gef\u00fchrt. Nach dem hellen Sonnenschein hatten viele Probleme, in dem dunklen Tunnel etwas zu sehen, und das, obwohl Lisken vorher die Gl\u00fchbirnen noch durch st\u00e4rkere ersetzt hatte. <img decoding=\"async\" loading=\"lazy\" src=\"http:\/\/rheinhausen-am-niederrhein.de\/pics\/bunker03.jpg\" alt=\"\" width=\"512\" height=\"384\" align=\"left\" border=\"0\" \/><\/p>\n<p align=\"left\"><span style=\"font-family: Arial;\">Man mag sich nicht vorstellen, wie das 1944 ausgesehen hatte. Damals hatten 200 bis 250 Menschen hier unten regelm\u00e4\u00dfig Zuflucht vor dem Tod im Bombenhagel suchen m\u00fcssen, darunter auch der damals 10j\u00e4hrige Rudi Lisken. <\/span><span style=\"font-family: Arial;\"><br \/>\nDer Tiefbunker unter dem Hochemmericher Markt ist gr\u00f6\u00dfer, als manche erwartet hatten und reicht ungef\u00e4hr bis zur Mitte des heutigen Marktplatzes. \u201eWir sind jetzt unter der Trinkhalle an der Duisburger Stra\u00dfe\u201c, erl\u00e4uterte Lisken. <\/span><\/p>\n<p align=\"left\"><span style=\"font-family: Arial;\">Zwischen den einzelnen Tunnelabschnitten sind schmale Durchg\u00e4nge, in denen fr\u00fcher Trennsch\u00e4chte mit Eisent\u00fcren waren. Ein mit einer Stahlkappe verschlossenes Loch neben dem Durchgang diente der Sprechverbindung von Raum zu Raum. Links und rechts neben dem Durchgang ist eine schmale Nische, kleiner als eine Telefonzelle. \u201eDas waren die Toilettenanlagen\u201c, erz\u00e4hlt Lisken. Hier hatte ein K\u00fcbel gestanden, hinter einer Abdeckung. Noch etwas, was man sich heute nicht mehr vorstellen mag. Einen \u201eWellness\u201c-Bereich hatte es in diesem Tiefbunker offensichtlich nicht gegeben.<\/span><\/p>\n<p align=\"center\"><img decoding=\"async\" loading=\"lazy\" src=\"http:\/\/rheinhausen-am-niederrhein.de\/pics\/bunker01.jpg\" alt=\"\" width=\"512\" height=\"384\" border=\"0\" \/><\/p>\n<p align=\"left\"><span style=\"font-family: Arial;\">Es ist eng, feucht und stickig im Tunnel und die ersten machten wieder kehrt, nach oben, in Luft und W\u00e4rme. Die anderen wurden von Lisken in einen anderen, etwas kleineren Tunnel gef\u00fchrt, wo Tische, B\u00e4nke und eine Leinwand aufgebaut waren. Ein Diaprojektor lie\u00df alte Zeiten wieder aufleben. Rudi Lisken zeigte Bilder vom Marktplatz in den 30er Jahren, von der Einweihung des Bunkers 1934 und Bilder der Innenstadt in den Kriegs- und Nachkriegsjahren, vom Arbeitskampf bis zum heutigen Marktgeschehen und der Innenstadt.<\/span><\/p>\n<p align=\"left\"><span style=\"font-family: Arial;\"> <img decoding=\"async\" loading=\"lazy\" src=\"http:\/\/rheinhausen-am-niederrhein.de\/pics\/Untergrund01.jpg\" alt=\"\" width=\"512\" height=\"384\" align=\"right\" border=\"0\" \/> \u201eIch habe so sch\u00f6ne Bilder von Rheinhausen zuhause, dass man meint, man w\u00e4re in einem Luftkurort &#8211; man muss nur im richtigen Moment knipsen\u201c, meinte Lisken. Zur Auflockerung veranstaltete Rudi Lisken ein kleines \u201eGewinnspiel\u201c und Zuschauer, die Stra\u00dfen, Pl\u00e4tze oder auch Personen erraten hatten, konnten einen Bildband mit vielen der gezeigten Fotos gewinnen. <\/span><\/p>\n<p align=\"center\"><span style=\"font-family: Arial;\"><br \/>\n<\/span> <img decoding=\"async\" loading=\"lazy\" src=\"http:\/\/rheinhausen-am-niederrhein.de\/pics\/Untergrund02.jpg\" alt=\"\" width=\"512\" height=\"384\" align=\"left\" border=\"0\" \/><\/p>\n<p align=\"center\"><b><span style=\"font-family: Arial; font-size: large;\"> <a href=\"http:\/\/rheinhausen-am-niederrhein.de\/Der%20Markt.htm\" target=\"_self\" rel=\"noopener\">zur\u00fcck nach &#8222;oben&#8220;<br \/>\nauf den Markt<\/a><\/span><\/b><\/p>\n","protected":false},"excerpt":{"rendered":"<p>Die Rheinhauser &#8222;Unterwelt&#8220;, direkt unter dem Markt Im Untergrund mit Rudi Lisken Ein Erlebnisbericht von KLAUS THIEL-KLENNER 07.04.2005 Das Wetter konnte sich nicht recht entscheiden: mal brannte die Sonne auf den Rheinhauser Marktplatz hinab, mal Regen. Immer im Wechsel. Genau das richtige Wetter, um in den Untergrund zu gehen. Rudi Lisken hatte in den Bunker [&hellip;]<\/p>\n","protected":false},"author":1,"featured_media":0,"parent":44,"menu_order":0,"comment_status":"closed","ping_status":"closed","template":"","meta":[],"_links":{"self":[{"href":"https:\/\/rheinhausen-am-niederrhein.de\/index.php?rest_route=\/wp\/v2\/pages\/107"}],"collection":[{"href":"https:\/\/rheinhausen-am-niederrhein.de\/index.php?rest_route=\/wp\/v2\/pages"}],"about":[{"href":"https:\/\/rheinhausen-am-niederrhein.de\/index.php?rest_route=\/wp\/v2\/types\/page"}],"author":[{"embeddable":true,"href":"https:\/\/rheinhausen-am-niederrhein.de\/index.php?rest_route=\/wp\/v2\/users\/1"}],"replies":[{"embeddable":true,"href":"https:\/\/rheinhausen-am-niederrhein.de\/index.php?rest_route=%2Fwp%2Fv2%2Fcomments&post=107"}],"version-history":[{"count":0,"href":"https:\/\/rheinhausen-am-niederrhein.de\/index.php?rest_route=\/wp\/v2\/pages\/107\/revisions"}],"up":[{"embeddable":true,"href":"https:\/\/rheinhausen-am-niederrhein.de\/index.php?rest_route=\/wp\/v2\/pages\/44"}],"wp:attachment":[{"href":"https:\/\/rheinhausen-am-niederrhein.de\/index.php?rest_route=%2Fwp%2Fv2%2Fmedia&parent=107"}],"curies":[{"name":"wp","href":"https:\/\/api.w.org\/{rel}","templated":true}]}}