{"id":2,"date":"2015-03-01T10:08:29","date_gmt":"2015-03-01T10:08:29","guid":{"rendered":"http:\/\/rheinhausen-am-niederrhein.de\/wordpress\/?page_id=2"},"modified":"2022-12-04T18:49:55","modified_gmt":"2022-12-04T18:49:55","slug":"beispiel-seite","status":"publish","type":"page","link":"https:\/\/rheinhausen-am-niederrhein.de\/?page_id=2","title":{"rendered":"Begr\u00fc\u00dfung"},"content":{"rendered":"<p align=\"center\"><img decoding=\"async\" loading=\"lazy\" src=\"http:\/\/rheinhausen-am-niederrhein.de\/RHstartpicB.jpg\" alt=\"\" width=\"720\" height=\"540\" border=\"0\" \/><\/p>\n<p align=\"center\"><span style=\"font-family: Arial; font-size: large;\">Auf diesen Seiten m\u00f6chten wir Ihnen unsere sch\u00f6ne Stadt vorstellen, ihre Besonderheiten, ihre Stadtteile, ihre Kultur.<\/span><\/p>\n<p align=\"center\"><span style=\"font-family: Arial;\"><img decoding=\"async\" loading=\"lazy\" src=\"http:\/\/rheinhausen-am-niederrhein.de\/pics\/RudiRHalt.jpg\" alt=\"\" width=\"410\" height=\"307\" border=\"0\" \/><b><br \/>\nUnser Sponsor <a href=\"http:\/\/www.kartoffel-lisken.de\/\" target=\"_blank\" rel=\"noopener noreferrer\">Rudi Lisken<\/a> mit dem &#8222;historischen&#8220; Ortseingangsschild<\/b><\/span><\/p>\n<p align=\"left\"><span style=\"font-family: Arial; font-size: large;\">Rheinhausen war einst die gr\u00f6\u00dfte Landgemeinde Preu\u00dfens und erhielt 1934 die Stadtrechte. Von 1934 bis 1974 war Rheinhausen die gr\u00f6\u00dfte Stadt am linken Niederrhein, heute ein Stadtbezirk mit eigenem Stadtteilparlament. Seit der Kommunalen Neuordnung von 1975 ist Rheinhausen zwar ein Stadtteil von Duisburg, aber die 80.000 Einwohner f\u00fchlen sich nach wie vor zuallererst als Rheinhauser.<\/span><\/p>\n<p align=\"center\"><span style=\"font-family: Arial; font-size: large;\">Die Innenstadt mit Markt und Marktforum ist der Dreh- und Angelpunkt in unserer Stadt:<\/span><\/p>\n<p align=\"center\"><img decoding=\"async\" loading=\"lazy\" src=\"http:\/\/rheinhausen-am-niederrhein.de\/pics\/markt\/MarktUForum01.jpg\" alt=\"MarktUForum01.jpg (81571 Byte)\" width=\"682\" height=\"456\" \/><br \/>\n<span style=\"font-family: Arial; font-size: medium;\"><strong>Jeden Samstag und Mittwoch str\u00f6men<br \/>\nTausende Menschen aus der ganzen Region auf den Wochenmarkt<br \/>\nund in das neue Marktforum<\/strong><\/span><\/p>\n<p align=\"left\"><span style=\"font-family: Arial; font-size: large;\">Begleiten Sie uns auf eine virtuelle Stadtrundfahrt und lernen Sie die einzelnen Stadtteile kennen. Sehen Sie den gr\u00f6\u00dften Wochenmarkt am Niederrhein, besuchen Sie Sehensw\u00fcrdigkeiten und Attraktionen wie das Friemersheimer Dorf, die Bergheimer M\u00fchle, die Margarethensiedlung oder die echte Western-Stadt auf der &#8222;Montana-Ranch&#8220;. St\u00f6bern Sie in den Exponaten im Lehrerhaus oder in der Bergbausammlung. Sehen Sie, wo und von wem die Politik in unserem Bezirk gemacht wird und wo und von wem die Kultur. Erholen Sie sich am Toeppersee, plantschen Sie im Freibad Kruppsee oder am\u00fcsieren Sie sich auf unserem Stadtfest oder auf der Kirmes. Rheinhausen feiert auch gern und h\u00e4lt einen mittlerweile traditionellen eigenen Prinzenempfang im Rathaus.<\/span><\/p>\n<p align=\"center\"><b><span style=\"font-family: Arial;\"><a href=\"http:\/\/rheinhausen-am-niederrhein.de\/Stadtfest.htm\"><img decoding=\"async\" loading=\"lazy\" src=\"http:\/\/rheinhausen-am-niederrhein.de\/pics\/steinbrueck.jpg\" alt=\"\" width=\"410\" height=\"307\" border=\"0\" \/><\/a><br \/>\nProminenter Gast beim Stadtfest:<br \/>\nDer damalige Finanzminister Peer Steinbr\u00fcck (SPD).<\/span><\/b><\/p>\n<p align=\"left\"><span style=\"font-family: Arial; font-size: large;\">In Rheinhausen ist vieles in Bewegung. Hier entstehen neue Gewerbegebiete (und Arbeitspl\u00e4tze), wie in Hohenbudberg und im Businesspark in Asterlagen, sowie das &#8222;logistische Herz&#8220; von NRW, &#8222;logport&#8220;. <\/span><\/p>\n<p align=\"center\"><b><span style=\"font-family: Arial; font-size: x-large;\">DER ANFANG IST GEMACHT<br \/>\n<\/span><span style=\"font-family: Arial; font-size: large;\">Gru\u00dfwort von Rudi Lisken<\/span><\/b><\/p>\n<p align=\"left\"><b><span style=\"font-family: Arial; font-size: large;\">Sparsamkeit, Mut und Flei\u00df brachte uns unseren Erfolg. Das A und O f\u00fcr Rheinhausen ist die st\u00e4dtebauliche und wirtschaftliche Entwicklung unserer Innenstadt und der Erhalt und die Erweiterung der Kaufkraft. Angesichts des starken Konkurrenzkampfes unter den umliegenden St\u00e4dten sollte Rheinhausen den Standort- und Strukturvorteil nutzen und besonders seine Zentralit\u00e4t heraus stellen.<\/span><\/b><\/p>\n<p align=\"left\"><b><span style=\"font-family: Arial; font-size: large;\">Der Anfang ist gemacht.<\/span><\/b><\/p>\n<p align=\"left\"><b><span style=\"font-family: Arial; font-size: large;\">Im Bereich des Marktplatzes wird es durch den Neubau des Marktforums g\u00e4nzlich anders aussehen, als in den letzten 100 Jahren. Ein Zentrum, imposant und gro\u00df: Das gr\u00f6\u00dfte Einkaufsgeb\u00e4ude, das in den letzten Jahrzehnten in der Rheinhauser City gebaut wurde.<br \/>\n<\/span><span style=\"font-family: Arial;\"><img decoding=\"async\" loading=\"lazy\" src=\"http:\/\/rheinhausen-am-niederrhein.de\/pics\/wbaumverk05a.jpg\" alt=\"\" width=\"480\" height=\"360\" align=\"right\" border=\"0\" \/><\/span><\/b><\/p>\n<p><strong>Dieses Einkaufs- und Erlebniszentrum hilft dabei, die Kaufkraft zu st\u00e4rken und die Einkaufsstr\u00f6me auch wieder nach Rheinhausen zu leiten. Auch der Wochenmarkt mit seinen \u00fcber 150 Verkaufsst\u00e4nden und die City mit ihren \u00fcber 100 Einzelhandelsgesch\u00e4ften verschiedenster Branchen, das vielf\u00e4ltige Gastronomie-Angebot, Banken, Versicherungen, B\u00e4cker, Metzger, \u00c4rzte und Apotheken werden zus\u00e4tzlichen Anreiz bieten, unsere Stadt zum Einkaufsbummel zu besuchen.<\/strong><\/p>\n<p align=\"left\"><b><span style=\"font-family: Arial; font-size: large;\">Der Anfang ist gemacht.<\/span><\/b><\/p>\n<p align=\"left\"><b><span style=\"font-family: Arial; font-size: large;\">Jetzt ist die Rheinhauser Kaufmannschaft (in Zusammenarbeit mit den politisch Verantwortlichen) gefordert, den Einzelhandelsstandort Rheinhausen mit neuen Konzepten, Kreativit\u00e4t, Einsatzkraft und aktuellen Marketingstrategien in seiner Funktion als &#8222;Tor zum Niederrhein&#8220; neu aufzustellen und zu festigen.<\/span><\/b><\/p>\n<p align=\"left\"><b><span style=\"font-family: Arial; font-size: large;\">Herzliche Gr\u00fc\u00dfe,<br \/>\n<img decoding=\"async\" loading=\"lazy\" src=\"http:\/\/rheinhausen-am-niederrhein.de\/pics\/lisken_unterschrift.gif\" alt=\"\" width=\"200\" height=\"41\" border=\"0\" \/><br \/>\nIhr Rudi Lisken<\/span><\/b><\/p>\n","protected":false},"excerpt":{"rendered":"<p>Auf diesen Seiten m\u00f6chten wir Ihnen unsere sch\u00f6ne Stadt vorstellen, ihre Besonderheiten, ihre Stadtteile, ihre Kultur. Unser Sponsor Rudi Lisken mit dem &#8222;historischen&#8220; Ortseingangsschild Rheinhausen war einst die gr\u00f6\u00dfte Landgemeinde Preu\u00dfens und erhielt 1934 die Stadtrechte. Von 1934 bis 1974 war Rheinhausen die gr\u00f6\u00dfte Stadt am linken Niederrhein, heute ein Stadtbezirk mit eigenem Stadtteilparlament. Seit [&hellip;]<\/p>\n","protected":false},"author":1,"featured_media":0,"parent":0,"menu_order":0,"comment_status":"closed","ping_status":"closed","template":"","meta":[],"_links":{"self":[{"href":"https:\/\/rheinhausen-am-niederrhein.de\/index.php?rest_route=\/wp\/v2\/pages\/2"}],"collection":[{"href":"https:\/\/rheinhausen-am-niederrhein.de\/index.php?rest_route=\/wp\/v2\/pages"}],"about":[{"href":"https:\/\/rheinhausen-am-niederrhein.de\/index.php?rest_route=\/wp\/v2\/types\/page"}],"author":[{"embeddable":true,"href":"https:\/\/rheinhausen-am-niederrhein.de\/index.php?rest_route=\/wp\/v2\/users\/1"}],"replies":[{"embeddable":true,"href":"https:\/\/rheinhausen-am-niederrhein.de\/index.php?rest_route=%2Fwp%2Fv2%2Fcomments&post=2"}],"version-history":[{"count":2,"href":"https:\/\/rheinhausen-am-niederrhein.de\/index.php?rest_route=\/wp\/v2\/pages\/2\/revisions"}],"predecessor-version":[{"id":2416,"href":"https:\/\/rheinhausen-am-niederrhein.de\/index.php?rest_route=\/wp\/v2\/pages\/2\/revisions\/2416"}],"wp:attachment":[{"href":"https:\/\/rheinhausen-am-niederrhein.de\/index.php?rest_route=%2Fwp%2Fv2%2Fmedia&parent=2"}],"curies":[{"name":"wp","href":"https:\/\/api.w.org\/{rel}","templated":true}]}}