{"id":22,"date":"2015-03-01T12:43:12","date_gmt":"2015-03-01T11:43:12","guid":{"rendered":"http:\/\/rheinhausen-am-niederrhein.de\/wordpress\/?page_id=22"},"modified":"2015-03-01T12:43:12","modified_gmt":"2015-03-01T11:43:12","slug":"asterlagen","status":"publish","type":"page","link":"https:\/\/rheinhausen-am-niederrhein.de\/?page_id=22","title":{"rendered":"Asterlagen"},"content":{"rendered":"<p align=\"center\"><span style=\"font-family: Arial; font-size: x-large;\">Asterlagen<\/span><\/p>\n<p align=\"left\"><span style=\"font-family: Arial;\">Asterlagen hat sich von der Bergarbeitersiedlung rund um die Zeche Diergardt zu einem modernen Stadtteil und einem lebendigen Nebenzentrum gemausert. Mit den sch\u00f6nen Siedlungen direkt am Rheindamm und am Fasanenweg bietet Asterlagen in weiten Teilen eine gelungene Symbiose von gehobener Wohnbebauung und l\u00e4ndlichen Strukturen. Dar\u00fcber hinaus hat sich mit Einkaufszentrum, Baumarkt und Gewerbegebiet Mevissen hier ein Shoppingzentrum f\u00fcr die gesamte Region gebildet. <\/span><\/p>\n<p align=\"center\"><span style=\"font-family: Arial;\"><a href=\"http:\/\/rheinhausen-am-niederrhein.de\/pics\/asterl\/EKZ.jpg\" data-lightbox=\"gal[22]\"> <img decoding=\"async\" src=\"http:\/\/rheinhausen-am-niederrhein.de\/EKZ_small.jpg\" alt=\"\" border=\"2\" \/><\/a> <a href=\"http:\/\/rheinhausen-am-niederrhein.de\/pics\/asterl\/baumarkt.jpg\" data-lightbox=\"gal[22]\"> <img decoding=\"async\" src=\"http:\/\/rheinhausen-am-niederrhein.de\/baumarkt_small.jpg\" alt=\"\" border=\"2\" \/><\/a><\/span><\/p>\n<p align=\"left\"><span style=\"font-family: Arial;\">Ein besonderer Anziehungspunkt ist der &#8222;Diergardt-Park. Das beliebte Natur- und Naherholungsgebiet mit einer Gesamtfl\u00e4che von etwa 75000 Quadratmetern wird von den Menschen der Umgebung geliebt und genutzt. Umso gr\u00f6\u00dfer war die Best\u00fcrzung, als der Park im Juli 2004 durch Sturmsch\u00e4den fast zerst\u00f6rt worden w\u00e4re. <\/span><\/p>\n<p align=\"left\"><span style=\"font-family: Arial;\">Weitr\u00e4umig stand kein Baum mehr: \u00fcber 100 hundertj\u00e4hrige B\u00e4ume und 50 j\u00fcngere und kleinw\u00fcchsigere B\u00e4ume waren zerst\u00f6rt oder so stark besch\u00e4digt worden, dass sie gef\u00e4llt werden mussten. Ein Bild, das weh tat und immer noch weh tut. Der Diergardt-Park ist eher als Diergardt-Hof zu bezeichnen.<\/span><\/p>\n<p align=\"center\"><span style=\"font-family: Arial;\"> <img decoding=\"async\" loading=\"lazy\" src=\"http:\/\/rheinhausen-am-niederrhein.de\/pics\/asterl\/DiergSt.jpg\" alt=\"\" width=\"410\" height=\"307\" border=\"0\" \/><\/span><\/p>\n<p align=\"left\"><span style=\"font-family: Arial;\">Durch die Asterlager Bev\u00f6lkerung ging ein Ruck, wie in der Nachkriegszeit. Um die schnelle Wiederaufforstung zu gew\u00e4hrleisten, wurde eine Spendenaktion ins Leben gerufen und von ortsans\u00e4ssigen Unternehmen wurde ein gro\u00dfes Benefizfest organisiert, das gro\u00dfen Zuspruch fand. Alle K\u00fcnstler und Bands traten kostenlos auf, B\u00fchnen und Beschallung wurden von den Unternehmen unentgeltlich zur Verf\u00fcgung gestellt. Die Aktionen erbrachten eine Gesamtsumme von 14.000 Euro.<\/span><\/p>\n<p>Mit diesem Geld konnte jetzt endlich mit dem Wiederaufbau begonnen werden. \u201eViele Leute hatten sich beschwert, dass es so lange dauert\u201c, erkl\u00e4rte Norbert B\u00e4chtold, Vorsitzender des SPD-Ortsvereins Asterlagen und Mitglied des Organisationsteams \u201eWiederaufforstung des Diergardt-Parks\u201c. Aber es ist nicht damit getan, einfach wieder ein paar neue B\u00e4ume einzupflanzen. Der \u201eneue\u201c Diergardt-Park soll noch sch\u00f6ner werden, als der alte schon war. Dazu war eine umfangreiche Planung notwendig. \u201eDas Organisationsteam hat sehr gut mit den Wirtschaftsbetrieben zusammengearbeitet, um einen sinnvollen Plan zu erstellen\u201c, erkl\u00e4rte B\u00e4chtold, der besonders Landschaftsarchitekt Udo Schulz ein gro\u00dfes Lob aussprach.<\/p>\n<p align=\"center\"><span style=\"font-family: Arial;\">Bilder von der ersten Pflanzaktion:<\/span><\/p>\n<p align=\"center\"><span style=\"font-family: Arial;\"><a href=\"http:\/\/rheinhausen-am-niederrhein.de\/pics\/asterl\/PflDierg02.jpg\" data-lightbox=\"gal[22]\"> <img decoding=\"async\" src=\"http:\/\/rheinhausen-am-niederrhein.de\/PflDierg02_small.jpg\" alt=\"\" border=\"2\" \/><\/a><a href=\"http:\/\/rheinhausen-am-niederrhein.de\/pics\/asterl\/PflDierg01.jpg\" data-lightbox=\"gal[22]\"><img decoding=\"async\" src=\"http:\/\/rheinhausen-am-niederrhein.de\/PflDierg01_small.jpg\" alt=\"\" border=\"2\" \/><\/a><a href=\"http:\/\/rheinhausen-am-niederrhein.de\/pics\/asterl\/PflDierg04.jpg\" data-lightbox=\"gal[22]\"><img decoding=\"async\" src=\"http:\/\/rheinhausen-am-niederrhein.de\/PflDierg04_small.jpg\" alt=\"\" border=\"2\" \/><\/a><a href=\"http:\/\/rheinhausen-am-niederrhein.de\/pics\/asterl\/PflDierg03.jpg\" data-lightbox=\"gal[22]\"><img decoding=\"async\" src=\"http:\/\/rheinhausen-am-niederrhein.de\/PflDierg03_small.jpg\" alt=\"\" border=\"2\" \/><\/a><\/span><\/p>\n<p align=\"left\"><span style=\"font-family: Arial;\"><br \/>\nInsgesamt sollen 65 neue B\u00e4ume eingepflanzt werden, darunter Eichen, Buchen, Walnu\u00df- und Kirschb\u00e4ume, Katalpen und Kugelakazien. Auch ist eine neue Weggestaltung geplant, die den Park besser an die Stra\u00dfe anbindet und quer durch den Park f\u00fchrt. Au\u00dferdem soll der Bereich um das Bergmannsdenkmal gepflastert und befestigte Fl\u00e4chen f\u00fcr Veranstaltungen erstellt werden. Der Kinderspielplatz wird in den hinteren Bereich verlagert und die Kleinkinder sind dadurch nicht mehr in unmittelbarer N\u00e4he der stark befahrenen Asterlager Stra\u00dfe.<br \/>\n<\/span><\/p>\n<p align=\"center\"><span style=\"font-family: Arial;\">So soll der fertige Park dann aussehen:<\/span><\/p>\n<p><a href=\"http:\/\/rheinhausen-am-niederrhein.de\/pics\/asterl\/PflDiergKon.jpg\" data-lightbox=\"gal[22]\"> <img decoding=\"async\" src=\"http:\/\/rheinhausen-am-niederrhein.de\/PflDiergKon_small.jpg\" alt=\"\" border=\"2\" \/><\/a><\/p>\n<p align=\"left\"><span style=\"font-family: Arial;\">Es muss noch viel getan werden im Diergardt-Park. Noch ist nicht alles was geplant ist, auch vollst\u00e4ndig finanziert. Deshalb freut sich das Organisationsteam \u201eWiederaufforstung des Diergardt-Parks\u201c nach wie vor \u00fcber Spenden:<br \/>\nSparkasse Duisburg<br \/>\nBLZ 350 500 00<br \/>\nKNr. 200 026 888<br \/>\n<\/span><\/p>\n<p align=\"center\"><span style=\"font-family: Arial;\"> <img decoding=\"async\" loading=\"lazy\" src=\"http:\/\/rheinhausen-am-niederrhein.de\/pics\/asterl\/PflDierg05.jpg\" alt=\"\" width=\"512\" height=\"384\" border=\"0\" \/><br \/>\nDie <a href=\"http:\/\/www.wb-duisburg.de\/\">Wirtschaftsbetriebe Duisburg<\/a> bei der Arbeit<\/span><\/p>\n","protected":false},"excerpt":{"rendered":"<p>Asterlagen Asterlagen hat sich von der Bergarbeitersiedlung rund um die Zeche Diergardt zu einem modernen Stadtteil und einem lebendigen Nebenzentrum gemausert. Mit den sch\u00f6nen Siedlungen direkt am Rheindamm und am Fasanenweg bietet Asterlagen in weiten Teilen eine gelungene Symbiose von gehobener Wohnbebauung und l\u00e4ndlichen Strukturen. Dar\u00fcber hinaus hat sich mit Einkaufszentrum, Baumarkt und Gewerbegebiet Mevissen [&hellip;]<\/p>\n","protected":false},"author":1,"featured_media":0,"parent":19,"menu_order":0,"comment_status":"closed","ping_status":"closed","template":"","meta":[],"_links":{"self":[{"href":"https:\/\/rheinhausen-am-niederrhein.de\/index.php?rest_route=\/wp\/v2\/pages\/22"}],"collection":[{"href":"https:\/\/rheinhausen-am-niederrhein.de\/index.php?rest_route=\/wp\/v2\/pages"}],"about":[{"href":"https:\/\/rheinhausen-am-niederrhein.de\/index.php?rest_route=\/wp\/v2\/types\/page"}],"author":[{"embeddable":true,"href":"https:\/\/rheinhausen-am-niederrhein.de\/index.php?rest_route=\/wp\/v2\/users\/1"}],"replies":[{"embeddable":true,"href":"https:\/\/rheinhausen-am-niederrhein.de\/index.php?rest_route=%2Fwp%2Fv2%2Fcomments&post=22"}],"version-history":[{"count":0,"href":"https:\/\/rheinhausen-am-niederrhein.de\/index.php?rest_route=\/wp\/v2\/pages\/22\/revisions"}],"up":[{"embeddable":true,"href":"https:\/\/rheinhausen-am-niederrhein.de\/index.php?rest_route=\/wp\/v2\/pages\/19"}],"wp:attachment":[{"href":"https:\/\/rheinhausen-am-niederrhein.de\/index.php?rest_route=%2Fwp%2Fv2%2Fmedia&parent=22"}],"curies":[{"name":"wp","href":"https:\/\/api.w.org\/{rel}","templated":true}]}}