{"id":25,"date":"2015-03-01T12:43:45","date_gmt":"2015-03-01T11:43:45","guid":{"rendered":"http:\/\/rheinhausen-am-niederrhein.de\/wordpress\/?page_id=25"},"modified":"2015-03-01T12:43:45","modified_gmt":"2015-03-01T11:43:45","slug":"bergheim","status":"publish","type":"page","link":"https:\/\/rheinhausen-am-niederrhein.de\/?page_id=25","title":{"rendered":"Bergheim"},"content":{"rendered":"<p align=\"center\"><span style=\"font-family: Arial; font-size: x-large;\">Bergheim<\/span><\/p>\n<p align=\"center\"><span style=\"font-family: Arial;\"> <img decoding=\"async\" loading=\"lazy\" src=\"http:\/\/rheinhausen-am-niederrhein.de\/pics\/bergh\/skyline.jpg\" alt=\"\" width=\"614\" height=\"275\" border=\"0\" \/><\/span><\/p>\n<p align=\"left\"><span style=\"font-family: Arial;\">Bergheim ist ein sehr alter und durch und durch gr\u00fcner Stadtteil am nordwestlichen Rand Rheinhausens. Hier findet man Sehensw\u00fcrdigkeiten wie die Bergheimer M\u00fchle, den Wasserturm, den Trompeter Bahnhof und den Trompeter Friedhof. &#8222;Trompet&#8220; war auch mal ein eigenst\u00e4ndiges Dorf und spricht sich kurz aus (Trommpett). Sowohl in der M\u00fchle, als auch im alten Bahnhofsgeb\u00e4ude sind heute Restaurants untergebracht. <\/span><\/p>\n<p align=\"center\"><span style=\"font-family: Arial;\">Die Bergheimer M\u00fchle:<\/span><\/p>\n<p align=\"center\"><span style=\"font-family: Arial;\"><a href=\"http:\/\/rheinhausen-am-niederrhein.de\/Bergheimer%20Muehle.htm\" target=\"_self\" rel=\"noopener\"> <img decoding=\"async\" loading=\"lazy\" src=\"http:\/\/rheinhausen-am-niederrhein.de\/pics\/bergh\/berghmuehle_sm.jpg\" alt=\"\" width=\"307\" height=\"409\" border=\"0\" \/><\/a><\/span><\/p>\n<p align=\"center\"><span style=\"font-family: Arial;\">Der Trompeter Bahnhof:<\/span><\/p>\n<p align=\"center\"><span style=\"font-family: Arial;\"><a href=\"http:\/\/rheinhausen-am-niederrhein.de\/pics\/bergh\/BhfTrompet01.jpg\" data-lightbox=\"gal[25]\"> <img decoding=\"async\" src=\"http:\/\/rheinhausen-am-niederrhein.de\/BhfTrompet01_small.jpg\" alt=\"Der alte Bahnhof - links der Eingang zum Restaurant...\" border=\"2\" \/><\/a> <a href=\"http:\/\/rheinhausen-am-niederrhein.de\/pics\/bergh\/BhfTrompet02.jpg\" data-lightbox=\"gal[25]\"> <img decoding=\"async\" src=\"http:\/\/rheinhausen-am-niederrhein.de\/BhfTrompet02_small.jpg\" alt=\"... und die richtige Haltestation, hinter dem Geb\u00e4ude\" border=\"2\" \/><\/a><\/span><\/p>\n<p align=\"center\"><span style=\"font-family: Arial;\">Der Trompeter Friedhof:<\/span><\/p>\n<p align=\"center\"><span style=\"font-family: Arial;\"><a href=\"http:\/\/rheinhausen-am-niederrhein.de\/pics\/bergh\/TrompFrhf1a.jpg\" data-lightbox=\"gal[25]\"> <img decoding=\"async\" src=\"http:\/\/rheinhausen-am-niederrhein.de\/TrompFrhf1a_small.jpg\" alt=\"Durch eine Allee kommt man zum Eingang...\" border=\"2\" \/><\/a> <a href=\"http:\/\/rheinhausen-am-niederrhein.de\/pics\/bergh\/TrompFrhf1.jpg\" data-lightbox=\"gal[25]\"> <img decoding=\"async\" src=\"http:\/\/rheinhausen-am-niederrhein.de\/TrompFrhf1_small.jpg\" alt=\"... des Trompeter Friedhofs\" border=\"2\" \/><\/a><\/span><\/p>\n<p align=\"center\"><span style=\"font-family: Arial;\">In der Weihnachtszeit ist auch der gr\u00fcn beleuchtete Bergheimer Wasserturm weithin sichtbar:<\/span><\/p>\n<p align=\"center\"><span style=\"font-family: Arial;\"><a href=\"http:\/\/rheinhausen-am-niederrhein.de\/pics\/bergh\/grTurm01.jpg\" data-lightbox=\"gal[25]\"> <img decoding=\"async\" src=\"http:\/\/rheinhausen-am-niederrhein.de\/grTurm01_small.jpg\" alt=\"\" border=\"2\" \/><\/a> <span style=\"font-size: small;\">mit und ohne Beleuchtung: <\/span> <a href=\"http:\/\/rheinhausen-am-niederrhein.de\/pics\/bergh\/wTurm01.jpg\" data-lightbox=\"gal[25]\"> <img decoding=\"async\" src=\"http:\/\/rheinhausen-am-niederrhein.de\/wTurm01_small.jpg\" alt=\"\" border=\"2\" \/><\/a><\/span><\/p>\n<p align=\"left\"><span style=\"font-family: Arial;\">Nat\u00fcrlich hat auch Bergheim einen eigenen Markt: auf dem &#8222;Alfred-Hitz-Platz&#8220; (benannt nach einem von den Nazis ermordeten Sozialdemokraten und Widerstandsk\u00e4mpfer) findet neben dem Wochenmarkt auch die Bergheimer Kirmes statt.\u00a0 Hier ist auch der <a href=\"http:\/\/www.social-club.org\">&#8222;Social Club&#8220;<\/a> beheimatet, der Kultur- und Informationsveranstaltungen durchf\u00fchrt. Au\u00dferdem bietet der &#8222;Social Club&#8220; Umschulungen zum Veranstaltungskaufmann und Veranstaltungstechniker an.<\/span><\/p>\n<p align=\"center\"><span style=\"font-family: Arial;\"> <img decoding=\"async\" loading=\"lazy\" src=\"http:\/\/rheinhausen-am-niederrhein.de\/pics\/bergh\/socialclub.jpg\" alt=\"Der Social Club befindet sich im ehemaligen &quot;Jugendforum&quot;, in dem auch ein Kindergarten untergebracht ist\" width=\"400\" height=\"300\" border=\"0\" \/><\/span><\/p>\n<p align=\"center\"><span style=\"font-family: Arial;\">Jeden Freitag Morgen zieht der kleine, aber feine Markt die Bergheimer auf den Alfred-Hitz-Platz:<\/span><\/p>\n<p><a href=\"http:\/\/rheinhausen-am-niederrhein.de\/pics\/berghM\/berghM01.jpg\" data-lightbox=\"gal[25]\"> <img decoding=\"async\" src=\"http:\/\/rheinhausen-am-niederrhein.de\/berghM01_small.jpg\" alt=\"\" border=\"2\" \/><\/a><a href=\"http:\/\/rheinhausen-am-niederrhein.de\/pics\/berghM\/berghM02.jpg\" data-lightbox=\"gal[25]\"><img decoding=\"async\" src=\"http:\/\/rheinhausen-am-niederrhein.de\/berghM02_small.jpg\" alt=\"\" border=\"2\" \/><\/a><a href=\"http:\/\/rheinhausen-am-niederrhein.de\/pics\/berghM\/berghM03.jpg\" data-lightbox=\"gal[25]\"><img decoding=\"async\" src=\"http:\/\/rheinhausen-am-niederrhein.de\/berghM03_small.jpg\" alt=\"\" border=\"2\" \/><\/a><a href=\"http:\/\/rheinhausen-am-niederrhein.de\/pics\/berghM\/berghM04.jpg\" data-lightbox=\"gal[25]\"><img decoding=\"async\" src=\"http:\/\/rheinhausen-am-niederrhein.de\/berghM04_small.jpg\" alt=\"\" border=\"2\" \/><\/a><a href=\"http:\/\/rheinhausen-am-niederrhein.de\/pics\/berghM\/berghM05.jpg\" data-lightbox=\"gal[25]\"><img decoding=\"async\" src=\"http:\/\/rheinhausen-am-niederrhein.de\/berghM05_small.jpg\" alt=\"\" border=\"2\" \/><\/a><a href=\"http:\/\/rheinhausen-am-niederrhein.de\/pics\/berghM\/berghM06.jpg\" data-lightbox=\"gal[25]\"><img decoding=\"async\" src=\"http:\/\/rheinhausen-am-niederrhein.de\/berghM06_small.jpg\" alt=\"\" border=\"2\" \/><\/a><\/p>\n<p align=\"left\"><span style=\"font-family: Arial;\">Eine \u00fcberregionale Attraktion ist das <a href=\"http:\/\/www.folkfest.de\">Folkfest<\/a>, das vom <a href=\"http:\/\/www.jz-tempel.de\/\">&#8222;Tempel&#8220;<\/a>, dem Jugendzentrum der evangelischen Gemeinde &#8222;Auf dem Wege&#8220;. Alle zwei Jahre pr\u00e4sentiert sich der Stadtteil auf dem &#8222;M\u00fchlenfest&#8220;, das von der Gemeinde &#8222;Auf dem Wege&#8220; veranstaltet wird und an dem alle Vereine, Institutionen und auch Handel und Handwerk teilnehmen. <\/span><\/p>\n<p align=\"center\"><span style=\"font-family: Arial;\"> <img decoding=\"async\" loading=\"lazy\" src=\"http:\/\/rheinhausen-am-niederrhein.de\/pics\/bergh\/aufdw.jpg\" alt=\"\" width=\"410\" height=\"307\" border=\"0\" \/><br \/>\n<\/span> <b><span style=\"font-family: Arial; font-size: small;\">Das Gemeindehaus &#8222;Auf dem Wege&#8220;<\/span><\/b><\/p>\n<p align=\"left\"><span style=\"font-family: Arial;\">In Bergheim findet man das Krupp-Gymnasium und die Heinrich-Heine-Gesamtschule und das moderne <a href=\"http:\/\/www.johanniter-rheinhausen.de\/\">Johanniter-Krankenhaus<\/a>, das sich am westlichen Ende des Volksparks befindet.<\/span><\/p>\n<p align=\"center\"><span style=\"font-family: Arial;\">Da m\u00f6chte man schon gesund werden, um vor die T\u00fcr zu d\u00fcrfen:<\/span><\/p>\n<p align=\"center\"><span style=\"font-family: Arial;\"><a href=\"http:\/\/rheinhausen-am-niederrhein.de\/pics\/bergh\/johann1.jpg\" data-lightbox=\"gal[25]\"> <img decoding=\"async\" src=\"http:\/\/rheinhausen-am-niederrhein.de\/johann1_small.jpg\" alt=\"Das Johanniter Krankenhaus im Park\" border=\"2\" \/><\/a><a href=\"http:\/\/rheinhausen-am-niederrhein.de\/pics\/bergh\/johann2.jpg\" data-lightbox=\"gal[25]\"><img decoding=\"async\" src=\"http:\/\/rheinhausen-am-niederrhein.de\/johann2_small.jpg\" alt=\"Das Johanniter Krankenhaus im Park\" border=\"2\" \/><\/a><a href=\"http:\/\/rheinhausen-am-niederrhein.de\/pics\/bergh\/johann3.jpg\" data-lightbox=\"gal[25]\"><img decoding=\"async\" src=\"http:\/\/rheinhausen-am-niederrhein.de\/johann3_small.jpg\" alt=\"Der Teich am Johanniter Krankenhaus\" border=\"2\" \/><\/a><a href=\"http:\/\/rheinhausen-am-niederrhein.de\/pics\/bergh\/johann4.jpg\" data-lightbox=\"gal[25]\"><img decoding=\"async\" src=\"http:\/\/rheinhausen-am-niederrhein.de\/johann4_small.jpg\" alt=\"Das Johanniter Krankenhaus im Park\" border=\"2\" \/><\/a><\/span><\/p>\n<p align=\"left\"><span style=\"font-family: Arial;\">Bergheim ist besonders im Sommer ein Anziehungspunkt f\u00fcr die Rheinhauser, wegen des Toeppersees und der Freibade- und Wasserskianlage dort. <\/span><\/p>\n","protected":false},"excerpt":{"rendered":"<p>Bergheim Bergheim ist ein sehr alter und durch und durch gr\u00fcner Stadtteil am nordwestlichen Rand Rheinhausens. Hier findet man Sehensw\u00fcrdigkeiten wie die Bergheimer M\u00fchle, den Wasserturm, den Trompeter Bahnhof und den Trompeter Friedhof. &#8222;Trompet&#8220; war auch mal ein eigenst\u00e4ndiges Dorf und spricht sich kurz aus (Trommpett). Sowohl in der M\u00fchle, als auch im alten Bahnhofsgeb\u00e4ude [&hellip;]<\/p>\n","protected":false},"author":1,"featured_media":0,"parent":19,"menu_order":0,"comment_status":"closed","ping_status":"closed","template":"","meta":[],"_links":{"self":[{"href":"https:\/\/rheinhausen-am-niederrhein.de\/index.php?rest_route=\/wp\/v2\/pages\/25"}],"collection":[{"href":"https:\/\/rheinhausen-am-niederrhein.de\/index.php?rest_route=\/wp\/v2\/pages"}],"about":[{"href":"https:\/\/rheinhausen-am-niederrhein.de\/index.php?rest_route=\/wp\/v2\/types\/page"}],"author":[{"embeddable":true,"href":"https:\/\/rheinhausen-am-niederrhein.de\/index.php?rest_route=\/wp\/v2\/users\/1"}],"replies":[{"embeddable":true,"href":"https:\/\/rheinhausen-am-niederrhein.de\/index.php?rest_route=%2Fwp%2Fv2%2Fcomments&post=25"}],"version-history":[{"count":0,"href":"https:\/\/rheinhausen-am-niederrhein.de\/index.php?rest_route=\/wp\/v2\/pages\/25\/revisions"}],"up":[{"embeddable":true,"href":"https:\/\/rheinhausen-am-niederrhein.de\/index.php?rest_route=\/wp\/v2\/pages\/19"}],"wp:attachment":[{"href":"https:\/\/rheinhausen-am-niederrhein.de\/index.php?rest_route=%2Fwp%2Fv2%2Fmedia&parent=25"}],"curies":[{"name":"wp","href":"https:\/\/api.w.org\/{rel}","templated":true}]}}