{"id":35,"date":"2015-03-01T12:45:50","date_gmt":"2015-03-01T11:45:50","guid":{"rendered":"http:\/\/rheinhausen-am-niederrhein.de\/wordpress\/?page_id=35"},"modified":"2015-03-01T12:45:50","modified_gmt":"2015-03-01T11:45:50","slug":"rumeln-kaldenhausen","status":"publish","type":"page","link":"https:\/\/rheinhausen-am-niederrhein.de\/?page_id=35","title":{"rendered":"Rumeln-Kaldenhausen"},"content":{"rendered":"<p align=\"center\"><span style=\"font-family: Arial; font-size: x-large;\">Rumeln-Kaldenhausen<\/span><\/p>\n<p align=\"center\"><img decoding=\"async\" loading=\"lazy\" src=\"http:\/\/rheinhausen-am-niederrhein.de\/pics\/AltesRathausRumeln.jpg\" alt=\"AltesRathausRumeln.jpg (63129 Byte)\" width=\"512\" height=\"343\" \/><br \/>\n<small><strong><span style=\"font-family: Arial;\">Das alte Rathaus Rumeln, heute ein modernes Alten- und Pflegeheim<\/span><\/strong><\/small><\/p>\n<p align=\"left\"><span style=\"font-family: Arial; font-size: large;\">Streng genommen ist Rumeln-Kaldenhausen kein Stadtteil von Rheinhausen, geh\u00f6rt aber zu unserem Bezirk mit dazu. Auf dem gro\u00dfen Marktplatz im Zentrum findet neben dem Wochenmarkt auch die Rumelner Kirmes statt.<\/span><\/p>\n<p align=\"left\"><span style=\"font-family: Arial; font-size: large;\">Die vielen traumhaft sch\u00f6nen, l\u00e4ndlichen Ausflugsgebiete, wie um den Reitstall des Reit- und Fahrvereins <a href=\"http:\/\/www.rufv-ziethen.de\">Ziethen<\/a> machen diesen attraktiven gr\u00fcnen Stadtteil aus. Ein beliebtes Ziel ist auch das Ausflugslokal &#8222;Waldborn&#8220;.<\/span><\/p>\n<p align=\"left\"><span style=\"font-family: Arial; font-size: large;\">Rumeln-Kaldenhausen verf\u00fcgt \u00fcber attraktive Wohngebiete mit kleinen Eigenheimen und viele Einkaufsm\u00f6glichkeiten entlang der D\u00fcsseldorfer und der Dorfstra\u00dfe, sowie an der Rathausallee. Es gibt ein Hallenbad und sogar ein Bienenmuseum. Auch ein alter Friedhof und ein sch\u00f6ner Bahnhof mit Restauration fehlt nat\u00fcrlich nicht. Auch das Ostufer des Toeppersees geh\u00f6rt zum Stadtteil dazu.<\/span><\/p>\n<p align=\"left\"><span style=\"font-family: Arial; font-size: large;\">In Rumeln-Kaldenhausen kann man sich auch sportlich bet\u00e4tigen, beispielsweise beim <a href=\"http:\/\/www.rumelner-tv.de\/index.html\">Rumelner TV<\/a>. Ein Highlight besonders f\u00fcr Nachwuchskicker war hier sicher die &#8222;Fu\u00dfballschule&#8220; mit Ex-Profi Didi Schacht. <\/span><\/p>\n<p align=\"center\"><a href=\"http:\/\/rheinhausen-am-niederrhein.de\/pics\/fubaschu.jpg\" data-lightbox=\"gal[35]\"><img decoding=\"async\" loading=\"lazy\" src=\"http:\/\/rheinhausen-am-niederrhein.de\/fubaschu_small.jpg\" alt=\"\" width=\"100\" height=\"88\" border=\"2\" \/><\/a><\/p>\n<p align=\"left\"><span style=\"font-family: Arial; font-size: large;\">Der &#8222;runde Tisch&#8220; organisiert ein j\u00e4hrliches Sommerfest, einen Weihnachtsmarkt und einige andere kulturelle Veranstaltungen. Entstanden ist dieser Zusammenschluss von Selbst\u00e4ndigen, Vereinen und Verb\u00e4nden nach der 1100-Jahr-Feier des Ortes und, abgesehen davon, dass er Geld f\u00fcr wohlt\u00e4tige Zwecke einnimmt, macht der &#8222;Runde Tisch&#8220; einen lebendigen Stadtteil aus Rumeln-Kaldenhausen, das drohte, zu einer reinen &#8222;Schlafstadt&#8220; zu werden.<\/span><\/p>\n<p align=\"center\"><span style=\"font-family: Arial;\"><img decoding=\"async\" loading=\"lazy\" src=\"http:\/\/rheinhausen-am-niederrhein.de\/pics\/KAD_01.jpg\" alt=\"Die alte Dorfschule Rumeln\" width=\"461\" height=\"346\" border=\"0\" \/><\/span><\/p>\n<p>Weit \u00fcber die Stadtgrenzen hinaus ist der <a href=\"http:\/\/www.kulturtreff-altedorfschule.de\/\">&#8222;Kulturtreff Alte Dorfschule&#8220;<\/a> bekannt, der ein Konzert- , Lesungs- und Kabarettprogramm vom Feinsten bereit h\u00e4lt. Veranstaltet wird die Reihe vom Team der &#8222;Freien Musikschule&#8220;, die in der alten Dorfschule Rumeln beheimatet ist. Das Geb\u00e4ude bietet ein einzigartiges Ambiente und die Veranstaltungen sind jedes Mal ein besonderes Erlebnis.<\/p>\n<p><img decoding=\"async\" loading=\"lazy\" src=\"http:\/\/rheinhausen-am-niederrhein.de\/pics\/KAD_02.jpg\" alt=\"Alte Dorfschule Rumeln - Eingang zur Musikschule\" width=\"461\" height=\"346\" border=\"0\" \/><\/p>\n","protected":false},"excerpt":{"rendered":"<p>Rumeln-Kaldenhausen Das alte Rathaus Rumeln, heute ein modernes Alten- und Pflegeheim Streng genommen ist Rumeln-Kaldenhausen kein Stadtteil von Rheinhausen, geh\u00f6rt aber zu unserem Bezirk mit dazu. Auf dem gro\u00dfen Marktplatz im Zentrum findet neben dem Wochenmarkt auch die Rumelner Kirmes statt. Die vielen traumhaft sch\u00f6nen, l\u00e4ndlichen Ausflugsgebiete, wie um den Reitstall des Reit- und Fahrvereins [&hellip;]<\/p>\n","protected":false},"author":1,"featured_media":0,"parent":19,"menu_order":0,"comment_status":"closed","ping_status":"closed","template":"","meta":[],"_links":{"self":[{"href":"https:\/\/rheinhausen-am-niederrhein.de\/index.php?rest_route=\/wp\/v2\/pages\/35"}],"collection":[{"href":"https:\/\/rheinhausen-am-niederrhein.de\/index.php?rest_route=\/wp\/v2\/pages"}],"about":[{"href":"https:\/\/rheinhausen-am-niederrhein.de\/index.php?rest_route=\/wp\/v2\/types\/page"}],"author":[{"embeddable":true,"href":"https:\/\/rheinhausen-am-niederrhein.de\/index.php?rest_route=\/wp\/v2\/users\/1"}],"replies":[{"embeddable":true,"href":"https:\/\/rheinhausen-am-niederrhein.de\/index.php?rest_route=%2Fwp%2Fv2%2Fcomments&post=35"}],"version-history":[{"count":0,"href":"https:\/\/rheinhausen-am-niederrhein.de\/index.php?rest_route=\/wp\/v2\/pages\/35\/revisions"}],"up":[{"embeddable":true,"href":"https:\/\/rheinhausen-am-niederrhein.de\/index.php?rest_route=\/wp\/v2\/pages\/19"}],"wp:attachment":[{"href":"https:\/\/rheinhausen-am-niederrhein.de\/index.php?rest_route=%2Fwp%2Fv2%2Fmedia&parent=35"}],"curies":[{"name":"wp","href":"https:\/\/api.w.org\/{rel}","templated":true}]}}