{"id":41,"date":"2015-03-01T12:50:22","date_gmt":"2015-03-01T11:50:22","guid":{"rendered":"http:\/\/rheinhausen-am-niederrhein.de\/wordpress\/?page_id=41"},"modified":"2015-03-01T12:50:22","modified_gmt":"2015-03-01T11:50:22","slug":"das-rathaus","status":"publish","type":"page","link":"https:\/\/rheinhausen-am-niederrhein.de\/?page_id=41","title":{"rendered":"Das Rathaus"},"content":{"rendered":"<p align=\"center\"><span style=\"font-family: Arial; font-size: x-large;\"><img decoding=\"async\" src=\"https:\/\/email.t-online.de\/em\/bin\/service.mailbox\/delivermessagepart?folder=INBOX&amp;uId=12317&amp;mimePartId=2&amp;disposition=inline&amp;acceptRanges=1&amp;noSecureDelivery=0&amp;exifOrientation=1\" alt=\"\" \/>Unser Rathaus<\/span><\/p>\n<p align=\"center\"><span style=\"font-family: Arial;\"><img decoding=\"async\" loading=\"lazy\" src=\"http:\/\/rheinhausen-am-niederrhein.de\/pics\/rathaus.jpg\" alt=\"\" width=\"461\" height=\"346\" border=\"0\" \/><\/span><\/p>\n<p align=\"center\"><span style=\"font-family: Arial;\">Im Rathaus am K\u00f6rnerplatz ist das Bezirksamt mit allen wichtigen B\u00fcrgerserviceleistungen untergebracht.<br \/>\nAu\u00dferdem wird hier die Politik des Stadtteils gemacht, bei den Sitzungen der <a href=\"http:\/\/rheinhausen-am-niederrhein.de\/RathausP.htm\" target=\"_self\" rel=\"noopener noreferrer\">Bezirksvertretung<\/a>.<\/span><\/p>\n<p align=\"center\"><b><span style=\"font-family: Arial; font-size: large;\">Das Bezirksamt:<\/span><\/b><\/p>\n<p align=\"left\"><span style=\"font-family: Arial;\">Geleitet wird das Bezirksamt von Frau Kirstin Blaschke, die daf\u00fcr sorgt, dass in der Stadt alles reibungslos abl\u00e4uft. Bei den Sitzungen der Bezirksvertretung sitzt sie als Chefin der Verwaltung neben der Bezirksb\u00fcrgermeisterin Frau Elisabeth Li\u00df auf dem Podium und ist als direkter Ansprechpartner der Politik Vermittlerin zwischen den gew\u00e4hlten Bezirksvertretern und der zust\u00e4ndigen Fachverwaltung. <\/span><\/p>\n<div align=\"center\">\n<p>&nbsp;<\/p>\n<table border=\"0\" cellspacing=\"0\" cellpadding=\"0\">\n<tbody>\n<tr>\n<td class=\"headline1\"><big><span style=\"font-family: Arial;\">Bezirksamt Rheinhausen<\/span><\/big><\/td>\n<\/tr>\n<tr>\n<td colspan=\"2\" height=\"10\"><big><span style=\"font-family: Arial;\"><img decoding=\"async\" loading=\"lazy\" src=\"http:\/\/www.duisburg.de\/images\/s_dot_clear.gif\" alt=\"\" width=\"1\" height=\"10\" border=\"0\" \/><\/span><\/big><\/td>\n<\/tr>\n<tr>\n<td><big><span style=\"font-family: Arial;\"><img decoding=\"async\" loading=\"lazy\" src=\"http:\/\/www.duisburg.de\/images\/s_dot_clear.gif\" alt=\"\" width=\"13\" height=\"1\" border=\"0\" \/><\/span><\/big><\/td>\n<td class=\"text2\"><big><span style=\"font-family: Arial;\">Bezirksamt Rheinhausen<\/span><\/big><\/td>\n<\/tr>\n<tr>\n<td colspan=\"2\" height=\"5\"><big><span style=\"font-family: Arial;\"><img decoding=\"async\" loading=\"lazy\" src=\"http:\/\/www.duisburg.de\/images\/s_dot_clear.gif\" alt=\"\" width=\"1\" height=\"5\" border=\"0\" \/><\/span><\/big><\/td>\n<\/tr>\n<tr>\n<td><big><span style=\"font-family: Arial;\"><img decoding=\"async\" loading=\"lazy\" src=\"http:\/\/www.duisburg.de\/images\/s_dot_clear.gif\" alt=\"\" width=\"13\" height=\"1\" border=\"0\" \/><\/span><\/big><\/td>\n<td class=\"text2\"><big><span style=\"font-family: Arial;\"><b>Adresse: <\/b>K\u00f6rnerplatz 1<\/span><\/big><\/td>\n<\/tr>\n<tr>\n<td colspan=\"2\" height=\"2\"><big><span style=\"font-family: Arial;\"><img decoding=\"async\" loading=\"lazy\" src=\"http:\/\/www.duisburg.de\/images\/s_dot_clear.gif\" alt=\"\" width=\"1\" height=\"2\" border=\"0\" \/><\/span><\/big><\/td>\n<\/tr>\n<tr>\n<td><big><span style=\"font-family: Arial;\"><img decoding=\"async\" loading=\"lazy\" src=\"http:\/\/www.duisburg.de\/images\/s_dot_clear.gif\" alt=\"\" width=\"13\" height=\"1\" border=\"0\" \/><\/span><\/big><\/td>\n<td class=\"text2\"><big><span style=\"font-family: Arial;\"><b>Ort: <\/b>47226 Duisburg<\/span><\/big><\/td>\n<\/tr>\n<tr>\n<td colspan=\"2\" height=\"10\"><big><span style=\"font-family: Arial;\"><img decoding=\"async\" loading=\"lazy\" src=\"http:\/\/www.duisburg.de\/images\/s_dot_clear.gif\" alt=\"\" width=\"1\" height=\"10\" border=\"0\" \/><\/span><\/big><\/td>\n<\/tr>\n<tr>\n<td><big><span style=\"font-family: Arial;\"><img decoding=\"async\" loading=\"lazy\" src=\"http:\/\/www.duisburg.de\/images\/s_dot_clear.gif\" alt=\"\" width=\"13\" height=\"1\" border=\"0\" \/><\/span><\/big><\/td>\n<td class=\"text2\"><big><span style=\"font-family: Arial;\"><b>\u00d6ffnungszeiten: <\/b><\/span><\/big><big><span style=\"font-family: Arial;\">montags bis freitags 8:00 bis 16:00 Uhr<br \/>\nB\u00fcrger-Service zus\u00e4tzlich donnerstags bis 18.00 Uhr<\/span><\/big><\/td>\n<\/tr>\n<tr>\n<td colspan=\"2\" height=\"5\"><big><span style=\"font-family: Arial;\"><img decoding=\"async\" loading=\"lazy\" src=\"http:\/\/www.duisburg.de\/images\/s_dot_clear.gif\" alt=\"\" width=\"1\" height=\"5\" border=\"0\" \/><\/span><\/big><\/td>\n<\/tr>\n<tr>\n<td><big><span style=\"font-family: Arial;\"><img decoding=\"async\" loading=\"lazy\" src=\"http:\/\/www.duisburg.de\/images\/s_dot_clear.gif\" alt=\"\" width=\"13\" height=\"1\" border=\"0\" \/><\/span><\/big><\/td>\n<td class=\"text2\"><big><span style=\"font-family: Arial;\"><b>E-Mail: <\/b><a href=\"mailto:bza.rheinhausen@stadt-duisburg.de\">bza.rheinhausen@stadt-duisburg.de<\/a><br \/>\n<\/span><\/big><\/td>\n<\/tr>\n<\/tbody>\n<\/table>\n<p>&nbsp;<\/p>\n<p>&nbsp;<\/p>\n<p>&nbsp;<\/p>\n<p>&nbsp;<\/p>\n<p>&nbsp;<\/p>\n<p>&nbsp;<\/p>\n<\/div>\n<p align=\"center\"><img decoding=\"async\" loading=\"lazy\" src=\"http:\/\/rheinhausen-am-niederrhein.de\/pics\/buergerservice.jpg\" alt=\"\" width=\"410\" height=\"307\" border=\"0\" \/><\/p>\n<p align=\"center\"><strong><span style=\"font-family: Arial;\">Das Bezirksamt bietet eine Reihe von Serviceleistungen f\u00fcr die B\u00fcrger an:<\/span><\/strong><\/p>\n<table border=\"0\" width=\"100%\" cellspacing=\"0\" cellpadding=\"0\">\n<tbody>\n<tr>\n<td valign=\"top\">\n<table border=\"0\" width=\"100%\" cellspacing=\"0\" cellpadding=\"5\">\n<tbody>\n<tr>\n<td>\n<table border=\"0\" cellspacing=\"0\" cellpadding=\"0\">\n<tbody>\n<tr>\n<td valign=\"top\">\n<table border=\"0\" cellspacing=\"0\" cellpadding=\"0\">\n<tbody>\n<tr>\n<td>\n<ul type=\"square\">\n<li style=\"list-style-type: none;\">\n<ul type=\"square\">\n<li><span style=\"color: #ff9900; font-family: Arial; font-size: small;\"><a href=\"http:\/\/www.duisburg.de\/ordnungsamt\/Abfallablagerungen.cfm\">Abfallablagerungen<\/a> <\/span><\/li>\n<\/ul>\n<\/li>\n<li><a href=\"http:\/\/www.duisburg.de\/ordnungsamt\/abmeldungfuerauslaender.cfm\">Abmeldung von Einwohnern mit ausl\u00e4ndischer Staatsangeh\u00f6rigkeit<\/a><\/li>\n<li><a href=\"http:\/\/www.duisburg.de\/ordnungsamt\/abper.cfm\">Abmeldung von Einwohnern mit deutscher Staatsangeh\u00f6rigkeit<\/a><\/li>\n<li><a href=\"http:\/\/www.duisburg.de\/ordnungsamt\/allgemeine.cfm\">Allgemeine Ordnungsangelegenheiten <\/a><\/li>\n<li><a href=\"http:\/\/www.duisburg.de\/ordnungsamt\/anmeldungfuerauslaender.cfm\">Anmeldung von Einwohnern mit ausl\u00e4ndischer Staatsangeh\u00f6rigkeit<\/a><\/li>\n<li><a href=\"http:\/\/www.duisburg.de\/ordnungsamt\/testkarsten.cfm\">Anmeldung von von Einwohnern mit deutscher Staatsangeh\u00f6rigkeit<\/a><\/li>\n<li><a href=\"http:\/\/www.duisburg.de\/ordnungsamt\/amlbescheinigungen.cfm\">Aufenthalts-, Melde-und Lebensbescheinigungen<\/a><\/li>\n<li><a href=\"http:\/\/www.duisburg.de\/ordnungsamt\/Gewerbezentralregister.cfm\">Ausk\u00fcnfte-Gewerbezentralregister<\/a><\/li>\n<li><a href=\"http:\/\/www.duisburg.de\/ordnungsamt\/Bildungsnachweise.cfm\">Ausl\u00e4ndische Bildungsnachweise<\/a><\/li>\n<li><a href=\"http:\/\/www.duisburg.de\/ordnungsamt\/Autoreparatur.cfm\">Autoreparatur<\/a><\/li>\n<li><a href=\"http:\/\/www.duisburg.de\/ordnungsamt\/Autowaesche.cfm\">Autow\u00e4sche<\/a><\/li>\n<li><a href=\"http:\/\/www.duisburg.de\/ordnungsamt\/Ballonstarts.cfm\">Ballonstarts\/Fallschirmspringen\/Flugveranstaltungen<\/a><\/li>\n<li><a href=\"http:\/\/www.duisburg.de\/ordnungsamt\/Brauchstumfeuer.cfm\">Brauchtums-\/Osterfeuer<\/a><\/li>\n<li><a href=\"http:\/\/www.duisburg.de\/ordnungsamt\/Einweisung_.cfm\">Einweisung psychisch kranker Personen<\/a><\/li>\n<li><a href=\"http:\/\/www.duisburg.de\/ordnungsamt\/erlgewerbe.cfm\">Gewerbe (Erlaubnispflichtige)<\/a><\/li>\n<li><a href=\"http:\/\/www.duisburg.de\/jugendamt\/erwachsene\/beratung\/erziehungs_und_familienberatung.shtml\">Erziehungs- und Familienberatung<\/a><\/li>\n<li><a href=\"http:\/\/www.duisburg.de\/ordnungsamt\/Feuerwerke.cfm\">Feuerwerke<\/a><\/li>\n<li><a href=\"http:\/\/www.duisburg.de\/ordnungsamt\/fischereischein.cfm\">Fischereischein<\/a><\/li>\n<li><a href=\"http:\/\/www.duisburg.de\/ordnungsamt\/fischereipruefung.cfm\">Fischerpr\u00fcfung<\/a><\/li>\n<li><a href=\"http:\/\/www.duisburg.de\/ordnungsamt\/Fundsachen.cfm\">Fundsachen<\/a><\/li>\n<li><a href=\"http:\/\/www.duisburg.de\/ordnungsamt\/fuehrungszeugnis.cfm\">F\u00fchrungszeugnis<\/a><\/li>\n<li><a href=\"http:\/\/www.duisburg.de\/ordnungsamt\/Gartenabfaelle.cfm\">Gartenabf\u00e4lle<\/a><\/li>\n<li><a href=\"http:\/\/www.duisburg.de\/ordnungsamt\/gaststaetten.cfm\">Gastst\u00e4tten<\/a><\/li>\n<li><a href=\"http:\/\/www.duisburg.de\/ordnungsamt\/ghunde.cfm\">Gef\u00e4hrliche Hunde<\/a><\/li>\n<li><a href=\"http:\/\/www.duisburg.de\/ordnungsamt\/Geldspielgeraete.cfm\">Geldspielger\u00e4te<\/a><\/li>\n<li><a href=\"http:\/\/www.duisburg.de\/ordnungsamt\/Geruchsbelaestigung.cfm\">Geruchsbel\u00e4stigung<\/a><\/li>\n<li><a href=\"http:\/\/www.duisburg.de\/ordnungsamt\/angewerbe.cfm\">Gewerbe (An-, Ab- und Ummeldungen)<\/a><\/li>\n<li><a href=\"http:\/\/www.duisburg.de\/ordnungsamt\/Heilhilfsberufe.cfm\">Heilhilfsberufe<\/a><\/li>\n<li><a href=\"http:\/\/www.duisburg.de\/sozialamt\/hbg.cfm\">Hilfe f\u00fcr Blinde und Geh\u00f6rlose<\/a><\/li>\n<li><a href=\"http:\/\/www.duisburg.de\/sozialamt\/hzl.cfm\">Hilfe zum Lebensunterhalt<\/a><\/li>\n<li><a href=\"http:\/\/www.duisburg.de\/ordnungsamt\/hundekot.cfm\">Hundekot<\/a><\/li>\n<li><a href=\"http:\/\/www.duisburg.de\/ordnungsamt\/intf.cfm\">Internationaler F\u00fchrerschein<\/a><\/li>\n<li><a href=\"http:\/\/www.duisburg.de\/ordnungsamt\/Jugendschutz.cfm\">Jugendschutz<\/a><\/li>\n<li><a href=\"http:\/\/www.duisburg.de\/ordnungsamt\/Kampfmittel.cfm\">Kampfmittel\/Bombenfunde<\/a><\/li>\n<li><a href=\"http:\/\/www.duisburg.de\/ordnungsamt\/Kinderausweis.cfm\">Kinderausweis<\/a><\/li>\n<li><a href=\"http:\/\/www.duisburg.de\/jugendamt\/kindergartenbeitrag.cfm\">Kindergartenbeitr\u00e4ge<\/a><\/li>\n<li><a href=\"http:\/\/www.duisburg.de\/sozialamt\/kof.cfm\">Kriegsopferf\u00fcrsorge<\/a><\/li>\n<li><a href=\"http:\/\/www.duisburg.de\/ordnungsamt\/Lebensmittel-_und_Speisereste.cfm\">Lebensmittel- und Speisereste<\/a><\/li>\n<li><a href=\"http:\/\/www.duisburg.de\/ordnungsamt\/Leichenpass.cfm\">Leichenpass<\/a><\/li>\n<li><a href=\"http:\/\/www.duisburg.de\/ordnungsamt\/lohnsteuerkarten.cfm\">Lohnsteuerkarten ausstellen\/\u00e4ndern<\/a><\/li>\n<li><a href=\"http:\/\/www.duisburg.de\/ordnungsamt\/Lotterien.cfm\">Lotterien\/Tombolen<\/a><\/li>\n<li><a href=\"http:\/\/www.duisburg.de\/ordnungsamt\/Luftverschmutzung.cfm\">Luftverschmutzung<\/a><\/li>\n<li><a href=\"http:\/\/www.duisburg.de\/ordnungsamt\/Laermbelaestigung.cfm\">L\u00e4rmbel\u00e4stigung<\/a><\/li>\n<li><a href=\"http:\/\/www.duisburg.de\/ordnungsamt\/Melderegisterauskunft.cfm\">Melderegisterauskunft<\/a><\/li>\n<li><a href=\"http:\/\/www.duisburg.de\/ordnungsamt\/Nachtruhe.cfm\">Nachtruhe<\/a><\/li>\n<li><a href=\"http:\/\/www.duisburg.de\/ordnungsamt\/Osterfeuer.cfm\">Brauchtums-\/Osterfeuer<\/a><\/li>\n<li><a href=\"http:\/\/www.duisburg.de\/ordnungsamt\/personalausweis.cfm\">Personalausweis<\/a><\/li>\n<li><a href=\"http:\/\/www.duisburg.de\/ordnungsamt\/Plakatieren.cfm\">Plakatieren\/Au\u00dfenwerbung<\/a><\/li>\n<li><a href=\"http:\/\/www.duisburg.de\/ordnungsamt\/Rasenmaeherlaerm.cfm\">Rasenm\u00e4herl\u00e4rm<\/a><\/li>\n<li><a href=\"http:\/\/www.duisburg.de\/ordnungsamt\/Ratten.cfm\">Ratten -&gt; Informationen f\u00fcr den B\u00fcrger<\/a><\/li>\n<li><a href=\"http:\/\/www.duisburg.de\/ordnungsamt\/Reisegewerbe.cfm\">Reisegewerbe<\/a><\/li>\n<li><a href=\"http:\/\/www.duisburg.de\/ordnungsamt\/reisepass.cfm\">Reisepass<\/a><\/li>\n<li><a href=\"http:\/\/www.duisburg.de\/sozialamt\/rfg.cfm\">Rundfunk- und Fernsehgeb\u00fchrenbefreiung<\/a><\/li>\n<li><a href=\"http:\/\/www.duisburg.de\/ordnungsamt\/SAD.cfm\">SAD &#8211; Sonderau\u00dfendienst<\/a><\/li>\n<li><a href=\"http:\/\/www.duisburg.de\/schulamt\/schulraumvermietung.cfm\">Schulraumvermietung <\/a><\/li>\n<li><a href=\"http:\/\/www.duisburg.de\/schulamt\/schulsporthallenvermietung.cfm\">Schulsporthallenvermietung<\/a><\/li>\n<li><a href=\"http:\/\/www.duisburg.de\/ordnungsamt\/Schaedlingsbekaempfung.cfm\">Sch\u00e4dlingsbek\u00e4mpfung (Ratten)<\/a><\/li>\n<li><a href=\"http:\/\/www.duisburg.de\/ordnungsamt\/Sondernutzungserlaubnis.cfm\">Sondernutzungserlaubnis<\/a><\/li>\n<li><a href=\"http:\/\/www.duisburg.de\/ordnungsamt\/Sonn.cfm\">Sonn- und Feiertagsschutz<\/a><\/li>\n<li><a href=\"http:\/\/www.duisburg.de\/sozialamt\/hibl.cfm\">Sonstige Hilfen in besonderen Lebenslagen<\/a><\/li>\n<li><a href=\"http:\/\/www.duisburg.de\/ordnungsamt\/Sperrstunde.cfm\">Sperrstunde<\/a><\/li>\n<li><a href=\"http:\/\/www.duisburg.de\/ordnungsamt\/Spielhallen.cfm\">Spielhallen<\/a><\/li>\n<li><a href=\"http:\/\/www.duisburg.de\/ordnungsamt\/Taubenfuetterung.cfm\">Taubenf\u00fctterung<\/a><\/li>\n<li><a href=\"http:\/\/www.duisburg.de\/ordnungsamt\/ummeldungfuerauslaender.cfm\">Ummeldung von Einwohnern mit ausl\u00e4ndischer Staatsangeh\u00f6rigkeit<\/a><\/li>\n<li><a href=\"http:\/\/www.duisburg.de\/ordnungsamt\/anabumpersonen.cfm\">Ummeldungen von Einwohnern mit deutscher Staatsangeh\u00f6rigkeit<\/a><\/li>\n<li><a href=\"http:\/\/www.duisburg.de\/ordnungsamt\/verbrennen.cfm\">Verbrennen im Freien<\/a><\/li>\n<li><a href=\"http:\/\/www.duisburg.de\/ordnungsamt\/Stilllegung.cfm\">Vor\u00fcbergehende Stilllegung von KFZ<\/a><\/li>\n<li><a href=\"http:\/\/www.duisburg.de\/ordnungsamt\/Wildplakatierung.cfm\">Wildplakatierung\/Schmierereien <\/a><\/li>\n<li><a href=\"http:\/\/www.duisburg.de\/sozialamt\/wbs.cfm\">Wohnberechtigungsbescheinigung<\/a><\/li>\n<\/ul>\n<ul type=\"square\">\n<li><span style=\"color: #ff9900; font-family: Arial; font-size: small;\"><a href=\"http:\/\/www.duisburg.de\/sozialamt\/wohngeldgesetz.cfm\">Wohngeld<\/a> <\/span><\/li>\n<\/ul>\n<\/td>\n<\/tr>\n<\/tbody>\n<\/table>\n<\/td>\n<\/tr>\n<\/tbody>\n<\/table>\n<\/td>\n<\/tr>\n<\/tbody>\n<\/table>\n<\/td>\n<\/tr>\n<\/tbody>\n<\/table>\n<p align=\"center\"><b><span style=\"font-family: Arial; font-size: x-large;\">Das Parlament:<\/span><\/b><span style=\"font-family: Arial; font-size: large;\"><br \/>\nDas sind die Menschen, die in unserem Bezirk Politik machen:<br \/>\n<\/span><b><span style=\"font-family: Arial; font-size: small;\">Gruppenbild vom 07.10.2004, nach der konstituierenden Sitzung (zum Vergr\u00f6\u00dfern anklicken)<\/span><\/b><\/p>\n<p align=\"center\"><a href=\"http:\/\/rheinhausen-am-niederrhein.de\/pics\/BVkonst04b.jpg\" data-lightbox=\"gal[41]\"><img decoding=\"async\" loading=\"lazy\" src=\"http:\/\/rheinhausen-am-niederrhein.de\/pics\/BVkonst04.jpg\" alt=\"\" width=\"682\" height=\"427\" border=\"0\" \/><\/a><br \/>\n<span style=\"font-family: Arial; font-size: small;\">vordere Reihe (v.l.n.r.): Rudi Lisken (SPD), Rolf Holz (SPD), Hans-Joachim Brendel (PDS), Hans Partenheimer (CDU),<br \/>\nBezirksvorsteherin Katharina Gottschling (CDU), Peter Wirtz (CDU), Sylvia Linn (CDU), Siegfried Dikty (CDU), Claudia Lei\u00dfe (B90\/Gr\u00fcne)<br \/>\ndahinter (leider verdeckt hinter Lisken und Holz):\u00a0 Hajo Klein und Dieter Hannig (beide SPD)<br \/>\nhintere Reihe: Willi Unger (BL), Manfred Krossa (SPD), Reiner Friedrich (SPD), Rainer Sch\u00fctten (SPD), Heiner Lei\u00dfe (B90\/Gr\u00fcne),<br \/>\nFerdi Seidelt (CDU) Karsten V\u00fcllings (BL), Detlef Helmdach (CDU)<\/span><\/p>\n<p align=\"center\"><span style=\"font-family: Arial;\">Bezirksvorsteherin Katharina Gottschling (CDU)<br \/>\nleitet die Sitzung der Bezirksvertretung:<\/span><\/p>\n<p align=\"center\"><span style=\"font-family: Arial;\"><img decoding=\"async\" loading=\"lazy\" src=\"http:\/\/rheinhausen-am-niederrhein.de\/pics\/BV01.jpg\" alt=\"\" width=\"512\" height=\"384\" border=\"0\" \/><br \/>\n(in der Mitte: Katharina Gottschling, rechts Rolf Holz (SPD), stv. Bezirksvorsteher)<\/span><\/p>\n<p align=\"center\"><span style=\"font-family: Arial;\"><b>Die Fraktion der CDU:<\/b><\/span><\/p>\n<p align=\"center\"><span style=\"font-family: Arial;\"><img decoding=\"async\" loading=\"lazy\" src=\"http:\/\/rheinhausen-am-niederrhein.de\/pics\/BV_CDU_FDP.jpg\" alt=\"\" width=\"512\" height=\"384\" border=\"0\" \/><br \/>\n(von rechts nach links: Ferdi Seidelt, Peter Wirtz, Sylvia Linn, Detlef Helmdach, Hans Partenheimer, Siegfried Dikty, daneben CDU-Ratsvertreter Gabriele Partenheimer und Klaus M\u00f6nnicks)<br \/>\n&#8211; ganz links der Fraktionsvorsitzende der BL, Karsten V\u00fcllings<\/span><\/p>\n<p align=\"center\"><span style=\"font-family: Arial;\"><b>Die Fraktion der SPD:<\/b><\/span><\/p>\n<p align=\"center\"><span style=\"font-family: Arial;\"><img decoding=\"async\" loading=\"lazy\" src=\"http:\/\/rheinhausen-am-niederrhein.de\/pics\/BV_SPD_F.jpg\" alt=\"\" width=\"512\" height=\"384\" border=\"0\" \/><br \/>\n(von links nach rechts: Reiner Friedrich, Manfred Krossa, Hajo Klein, Dieter Hannig, Rainer Sch\u00fctten, Rudi Lisken, daneben die SPD-Ratsvertreter Elke Patz, J\u00fcrgen Edel und Winfried Boeckhorst)<\/span><\/p>\n<p align=\"center\"><span style=\"font-family: Arial;\"><b>Die Fraktion der Gr\u00fcnen:<\/b><\/span><\/p>\n<p align=\"center\"><span style=\"font-family: Arial;\"><img decoding=\"async\" loading=\"lazy\" src=\"http:\/\/rheinhausen-am-niederrhein.de\/pics\/BV_GR.jpg\" alt=\"\" width=\"410\" height=\"307\" border=\"0\" \/><br \/>\nHeiner Lei\u00dfe, stv. Bezirksvorsteher und Fraktionsvorsitzende Claudia Lei\u00dfe.<\/span><\/p>\n<p align=\"center\"><span style=\"font-family: Arial;\"><b>Die Fraktion B\u00fcrgerlich-Liberale(BL):<\/b><\/span><\/p>\n<p align=\"center\"><img decoding=\"async\" loading=\"lazy\" src=\"http:\/\/rheinhausen-am-niederrhein.de\/fraktion01.jpg\" alt=\"fraktion01.jpg (8610 Byte)\" width=\"165\" height=\"151\" \/><br \/>\n<span style=\"font-family: Arial;\">Karsten V\u00fcllings (Fraktionsvorsitzender) und Willi Unger<\/span><\/p>\n<p align=\"center\"><span style=\"font-family: Arial;\"><b>Der PDS-Vertreter:<\/b><\/span><\/p>\n<p align=\"center\"><span style=\"font-family: Arial;\"><img decoding=\"async\" loading=\"lazy\" src=\"http:\/\/rheinhausen-am-niederrhein.de\/pics\/BV_Br.jpg\" alt=\"\" width=\"410\" height=\"307\" border=\"0\" \/><br \/>\nHans-Joachim Brendel (parteilos)<\/span><\/p>\n<p align=\"center\"><span style=\"font-family: Arial;\">Gemeinsam f\u00fcr die B\u00fcrger handeln: einstimmig stimmten die Vertreter aller Fraktionen in<br \/>\nunserer Bezirksvertretung f\u00fcr die Einrichtung eines Recyclinghofes in <a href=\"http:\/\/rheinhausen-am-niederrhein.de\/Bergheim.htm\" target=\"_self\" rel=\"noopener noreferrer\">Bergheim<\/a>:<\/span><\/p>\n<p><img decoding=\"async\" loading=\"lazy\" src=\"http:\/\/rheinhausen-am-niederrhein.de\/pics\/RudiKarstenRat01.jpg\" alt=\"\" width=\"512\" height=\"403\" border=\"0\" \/><b><span style=\"font-size: xx-small;\"><br \/>\n<\/span><span style=\"font-size: small;\">Rudi Lisken (SPD) und Karsten V\u00fcllings (BL, damals FDP) im Ratssaal in Duisburg<\/span><\/b><\/p>\n<table border=\"0\" width=\"100%\" cellspacing=\"0\" cellpadding=\"0\">\n<tbody>\n<tr>\n<td valign=\"top\">\n<table border=\"0\" width=\"100%\" cellspacing=\"0\" cellpadding=\"5\">\n<tbody>\n<tr>\n<td>\n<table border=\"0\" cellspacing=\"0\" cellpadding=\"0\">\n<tbody>\n<tr>\n<td valign=\"top\">\n<table border=\"0\" cellspacing=\"0\" cellpadding=\"0\">\n<tbody>\n<tr>\n<td><\/td>\n<\/tr>\n<\/tbody>\n<\/table>\n<\/td>\n<\/tr>\n<\/tbody>\n<\/table>\n<\/td>\n<\/tr>\n<\/tbody>\n<\/table>\n<\/td>\n<\/tr>\n<\/tbody>\n<\/table>\n","protected":false},"excerpt":{"rendered":"<p>Unser Rathaus Im Rathaus am K\u00f6rnerplatz ist das Bezirksamt mit allen wichtigen B\u00fcrgerserviceleistungen untergebracht. Au\u00dferdem wird hier die Politik des Stadtteils gemacht, bei den Sitzungen der Bezirksvertretung. Das Bezirksamt: Geleitet wird das Bezirksamt von Frau Kirstin Blaschke, die daf\u00fcr sorgt, dass in der Stadt alles reibungslos abl\u00e4uft. Bei den Sitzungen der Bezirksvertretung sitzt sie als [&hellip;]<\/p>\n","protected":false},"author":1,"featured_media":0,"parent":0,"menu_order":0,"comment_status":"closed","ping_status":"closed","template":"","meta":[],"_links":{"self":[{"href":"https:\/\/rheinhausen-am-niederrhein.de\/index.php?rest_route=\/wp\/v2\/pages\/41"}],"collection":[{"href":"https:\/\/rheinhausen-am-niederrhein.de\/index.php?rest_route=\/wp\/v2\/pages"}],"about":[{"href":"https:\/\/rheinhausen-am-niederrhein.de\/index.php?rest_route=\/wp\/v2\/types\/page"}],"author":[{"embeddable":true,"href":"https:\/\/rheinhausen-am-niederrhein.de\/index.php?rest_route=\/wp\/v2\/users\/1"}],"replies":[{"embeddable":true,"href":"https:\/\/rheinhausen-am-niederrhein.de\/index.php?rest_route=%2Fwp%2Fv2%2Fcomments&post=41"}],"version-history":[{"count":0,"href":"https:\/\/rheinhausen-am-niederrhein.de\/index.php?rest_route=\/wp\/v2\/pages\/41\/revisions"}],"wp:attachment":[{"href":"https:\/\/rheinhausen-am-niederrhein.de\/index.php?rest_route=%2Fwp%2Fv2%2Fmedia&parent=41"}],"curies":[{"name":"wp","href":"https:\/\/api.w.org\/{rel}","templated":true}]}}