{"id":52,"date":"2015-03-01T13:12:45","date_gmt":"2015-03-01T12:12:45","guid":{"rendered":"http:\/\/rheinhausen-am-niederrhein.de\/wordpress\/?page_id=52"},"modified":"2015-03-01T13:12:45","modified_gmt":"2015-03-01T12:12:45","slug":"stadtfest","status":"publish","type":"page","link":"https:\/\/rheinhausen-am-niederrhein.de\/?page_id=52","title":{"rendered":"Stadtfest"},"content":{"rendered":"<p align=\"center\"><span style=\"font-family: Arial; font-size: x-large;\">Stadtfest in Rheinhausen<\/span><\/p>\n<p align=\"center\"><span style=\"font-family: Arial; font-size: large;\"><strong>\u00a0<a href=\"http:\/\/rheinhausen-am-niederrhein.de\/StadtfestA.htm\" target=\"_self\" rel=\"noopener\">Bilder vom Stadtfest 2007<\/a><\/strong><\/span><\/p>\n<p align=\"center\"><span style=\"font-family: Arial;\"><span style=\"font-size: large;\"><b>Am Muttertag-Wochenende steigt Rheinhausens gr\u00f6\u00dfte Open-Air-Party: Das Stadtfest.<br \/>\n<\/b>\u00a0In Rheinhausen ist an jedem Muttertags-Wochenende Partystimmung angesagt. Musik am laufenden Meter auf vier Live-B\u00fchnen, Open Air-Modenschau in der Fu\u00dfg\u00e4ngerzone nebst verkaufsoffenem Sonntag &#8211; das und viel mehr geh\u00f6rt seit nunmehr zehn Jahren zum Bild dieses Wochenendes. Viele Besucher aus der Region str\u00f6men deshalb nach Rheinhausen, um mit uns unser gro\u00dfes Stadtfest zu feiern. Verantwortlich f\u00fcr dieses Gro\u00dfereignis zeichnen Rudi Lisken und Karsten V\u00fcllings, die als &#8222;Stadtfest Rheinhausen GbR&#8220; jedes Jahr wieder daf\u00fcr sorgen, den Event auf die Beine zu stellen.<br \/>\n<\/span><br \/>\n<img decoding=\"async\" loading=\"lazy\" src=\"http:\/\/rheinhausen-am-niederrhein.de\/pics\/stadtf01.jpg\" alt=\"\" width=\"602\" height=\"400\" border=\"0\" \/><br \/>\nDie Attraktion von 2004 auf der Hauptb\u00fchne auf dem Markt:<br \/>\n<span style=\"font-size: large;\">Die &#8222;Silver Beatles&#8220; in Aktion<br \/>\n<\/span>(und wie immer: brechend voll und Superstimmung)<\/span><\/p>\n<p align=\"left\"><span style=\"font-family: Arial; font-size: large;\">Die Jugend kommt an der Krefelder Stra\u00dfe, in H\u00f6he der Grundschule,auf ihre Kosten. Nach dem gro\u00dfen Erfolg mit einer Jugendb\u00fchne im vergangenen Jahr, legt die Rheinische Post erneut einen Wettbewerb f\u00fcr junge Bands auf. Mit dabei sind wieder der CDU-Ortsverband als Sponsor sowie der \u201cSocial Club\u201d aus Bergheim, der die Technik und den Ablauf des Programms betreut.<br \/>\nHauptattraktion am Samstagabend wird die Band \u201cAnother Plain\u201d sein, die im vergangenen Jahr den Wettbewerb gewann. Als Gewinn winkt eine Plattenaufnahme in einem professionellen Studio.<\/span><\/p>\n<p align=\"left\"><span style=\"font-family: Arial; font-size: large;\">Eine Institution ist die B\u00fchne an der Sparkasse in der Fu\u00dfg\u00e4ngerzone. Nach dem offiziellen Startschuss am Samstag zeigen die \u00f6rtlichen H\u00e4ndler bei einer Modenschau das Neueste in Sachen Bekleidung. <\/span><\/p>\n<p align=\"center\"><img decoding=\"async\" loading=\"lazy\" src=\"http:\/\/rheinhausen-am-niederrhein.de\/pics\/opening.jpg\" alt=\"\" width=\"512\" height=\"384\" border=\"0\" \/><br \/>\n<b><span style=\"font-family: Arial; font-size: small;\">Die Er\u00f6ffnung durch Rudi Lisken, Peter Schubotz,<br \/>\nOB Adolf Sauerland und Bezirksvorsteherin Katharina Gottschling<br \/>\n<\/span><\/b><span style=\"font-family: Arial; font-size: large;\"><br \/>\nDie Hauptb\u00fchne des Stadtfests steht wie immer auf dem Marktplatz. Dort ist am Samstagabend diesmal die Oldie-Band \u201cJet Black\u201d zu h\u00f6ren. Au\u00dferdem sind auf dem Markt einige Kinderfahrgesch\u00e4fte und eine Pr\u00e4sentation der Freiwilligen Feuerwehr zu sehen. \u00dcber 100 Verkaufsst\u00e4nde werben an den beiden Festtagen um die Gunst der Besucher. Alles m\u00f6gliche aus den Bereichen Kunsthandwerk und Geschenkartikel gibt es zu kaufen. Der Rheinhauser Einzelhandel \u00f6ffnet am Sonntag seine Gesch\u00e4fte von 13 bis 18 Uhr f\u00fcr die Kunden.<\/span><\/p>\n<p>Und weil bei einem Spaziergang durch die belebte Innenstadt sicher auch mal der kleine oder gro\u00dfe Hunger aufkommt, haben die Organisatoren und H\u00e4ndler auch f\u00fcr das leibliche Wohl der Besucher bestens gesorgt. Breit gef\u00e4chert ist das Angebot &#8211; von s\u00fc\u00df bis deftig, von Bratwurst und Reibekuchen bis zur asiatischen K\u00fcche. Mit Bierg\u00e4rten und Stra\u00dfencaf\u00e9s best\u00fccken die Gastronomen die Festmeile und den Marktplatz.<\/p>\n<p align=\"left\"><span style=\"font-family: Arial; font-size: large;\">Neun Jahre hintereinander hatten wir sogar Gl\u00fcck mit dem Wetter! Da d\u00fcrfen wir nicht wirklich meckern, dass es in diesem Jahr leider nicht so war. Aber auch starker Regen, Sturmb\u00f6en und Hagel k\u00f6nnen uns Rheinhausern unser Stadtfest nicht v\u00f6llig verderben&#8230;\u00a0 <\/span><\/p>\n<p align=\"center\"><img decoding=\"async\" loading=\"lazy\" src=\"http:\/\/rheinhausen-am-niederrhein.de\/pics\/SF05\/SF05_rainbow01.jpg\" alt=\"\" width=\"410\" height=\"307\" border=\"0\" \/>\u00a0<img decoding=\"async\" loading=\"lazy\" src=\"http:\/\/rheinhausen-am-niederrhein.de\/pics\/SF05\/SF05_rainbow02.jpg\" alt=\"\" width=\"410\" height=\"307\" border=\"0\" \/><\/p>\n<p align=\"center\"><span style=\"font-family: Arial; font-size: large;\">Es war trotzdem wieder viel los, wie man auf den folgenden Bildern sehen kann:<\/span><\/p>\n<p align=\"center\"><img decoding=\"async\" loading=\"lazy\" src=\"http:\/\/rheinhausen-am-niederrhein.de\/pics\/SF05\/SF05_imp01.jpg\" alt=\"\" width=\"410\" height=\"308\" border=\"0\" \/>\u00a0<img decoding=\"async\" loading=\"lazy\" src=\"http:\/\/rheinhausen-am-niederrhein.de\/pics\/SF05\/SF05_imp02.jpg\" alt=\"\" width=\"410\" height=\"308\" border=\"0\" \/><\/p>\n<p><img decoding=\"async\" loading=\"lazy\" src=\"http:\/\/rheinhausen-am-niederrhein.de\/pics\/SF05\/SF05_imp03.jpg\" alt=\"\" width=\"410\" height=\"308\" border=\"0\" \/>\u00a0<img decoding=\"async\" loading=\"lazy\" src=\"http:\/\/rheinhausen-am-niederrhein.de\/pics\/SF05\/SF05_imp04.jpg\" alt=\"\" width=\"410\" height=\"308\" border=\"0\" \/><\/p>\n<p align=\"center\"><b><span style=\"font-family: Arial; font-size: large;\">\u00a0<a href=\"http:\/\/rheinhausen-am-niederrhein.de\/StadtfestB.htm\" target=\"_self\" rel=\"noopener\">mehr Bilder vom Stadtfest gibt es hier<\/a><\/span><\/b><\/p>\n","protected":false},"excerpt":{"rendered":"<p>Stadtfest in Rheinhausen \u00a0Bilder vom Stadtfest 2007 Am Muttertag-Wochenende steigt Rheinhausens gr\u00f6\u00dfte Open-Air-Party: Das Stadtfest. \u00a0In Rheinhausen ist an jedem Muttertags-Wochenende Partystimmung angesagt. Musik am laufenden Meter auf vier Live-B\u00fchnen, Open Air-Modenschau in der Fu\u00dfg\u00e4ngerzone nebst verkaufsoffenem Sonntag &#8211; das und viel mehr geh\u00f6rt seit nunmehr zehn Jahren zum Bild dieses Wochenendes. Viele Besucher aus [&hellip;]<\/p>\n","protected":false},"author":1,"featured_media":0,"parent":44,"menu_order":0,"comment_status":"closed","ping_status":"closed","template":"","meta":[],"_links":{"self":[{"href":"https:\/\/rheinhausen-am-niederrhein.de\/index.php?rest_route=\/wp\/v2\/pages\/52"}],"collection":[{"href":"https:\/\/rheinhausen-am-niederrhein.de\/index.php?rest_route=\/wp\/v2\/pages"}],"about":[{"href":"https:\/\/rheinhausen-am-niederrhein.de\/index.php?rest_route=\/wp\/v2\/types\/page"}],"author":[{"embeddable":true,"href":"https:\/\/rheinhausen-am-niederrhein.de\/index.php?rest_route=\/wp\/v2\/users\/1"}],"replies":[{"embeddable":true,"href":"https:\/\/rheinhausen-am-niederrhein.de\/index.php?rest_route=%2Fwp%2Fv2%2Fcomments&post=52"}],"version-history":[{"count":0,"href":"https:\/\/rheinhausen-am-niederrhein.de\/index.php?rest_route=\/wp\/v2\/pages\/52\/revisions"}],"up":[{"embeddable":true,"href":"https:\/\/rheinhausen-am-niederrhein.de\/index.php?rest_route=\/wp\/v2\/pages\/44"}],"wp:attachment":[{"href":"https:\/\/rheinhausen-am-niederrhein.de\/index.php?rest_route=%2Fwp%2Fv2%2Fmedia&parent=52"}],"curies":[{"name":"wp","href":"https:\/\/api.w.org\/{rel}","templated":true}]}}