{"id":55,"date":"2015-03-01T13:13:24","date_gmt":"2015-03-01T12:13:24","guid":{"rendered":"http:\/\/rheinhausen-am-niederrhein.de\/wordpress\/?page_id=55"},"modified":"2015-03-01T13:13:24","modified_gmt":"2015-03-01T12:13:24","slug":"kirmes","status":"publish","type":"page","link":"https:\/\/rheinhausen-am-niederrhein.de\/?page_id=55","title":{"rendered":"Kirmes"},"content":{"rendered":"<p align=\"center\"><span style=\"font-family: Arial; font-size: x-large;\">Kirmes in Rheinhausen<\/span><\/p>\n<p align=\"center\"><img decoding=\"async\" loading=\"lazy\" src=\"http:\/\/rheinhausen-am-niederrhein.de\/pics\/kirmes01.jpg\" alt=\"\" width=\"341\" height=\"454\" border=\"0\" \/><\/p>\n<p align=\"left\"><span style=\"font-family: Arial;\">Einer der H\u00f6hepunkte des Jahres in Rheinhausen war immer schon die gro\u00dfe Herbstkirmes auf dem Markt in Hochemmerich (inklusive schulfrei am Montag). Der Kirmesplatz erstreckt sich von der gesamten Marktfl\u00e4che \u00fcber die Atroper Stra\u00dfe. Er\u00f6ffnet wird sie immer vom Bezirksvorsteher, bzw. der Bezirksvorsteherin mit dem traditionellen Fassanstich, zu dem sich die gesamte lokale Politprominenz einfindet und auch Pauken und Trompeten nicht fehlen: <\/span><\/p>\n<p align=\"center\"><img decoding=\"async\" loading=\"lazy\" src=\"http:\/\/rheinhausen-am-niederrhein.de\/pics\/kirmes02.jpg\" alt=\"\" width=\"454\" height=\"341\" border=\"0\" \/><\/p>\n<p align=\"left\"><span style=\"font-family: Arial;\">Hier sehen wir den damaligen Bezirksvorsteher G\u00fcnter Heiser (SPD) beim Fassanstich, unterst\u00fctzt von seinem Stellvertreter Ferdi Jobelius (links) (CDU) und Mike Bengel, Chef der Schausteller und Veranstalter der Kirmes (rechts):<\/span><\/p>\n<p align=\"center\"><img decoding=\"async\" loading=\"lazy\" src=\"http:\/\/rheinhausen-am-niederrhein.de\/pics\/kirmes02b.jpg\" alt=\"\" width=\"409\" height=\"307\" border=\"0\" \/><img decoding=\"async\" loading=\"lazy\" src=\"http:\/\/rheinhausen-am-niederrhein.de\/pics\/kirmes02a.jpg\" alt=\"\" width=\"409\" height=\"307\" border=\"0\" \/><\/p>\n<p align=\"center\"><span style=\"font-family: Arial;\">Bei Tag und bei Nacht: hier ist immer was los!<\/span><\/p>\n<p align=\"right\"><img decoding=\"async\" loading=\"lazy\" src=\"http:\/\/rheinhausen-am-niederrhein.de\/pics\/kirmes04.jpg\" alt=\"\" width=\"341\" height=\"454\" align=\"left\" border=\"0\" hspace=\"4\" vspace=\"4\" \/><\/p>\n<p align=\"left\">\u00a0\u00a0\u00a0\u00a0\u00a0\u00a0\u00a0\u00a0\u00a0\u00a0\u00a0 <a href=\"http:\/\/rheinhausen-am-niederrhein.de\/pics\/kirmes03.jpg\" data-lightbox=\"gal[55]\"> <img decoding=\"async\" src=\"http:\/\/rheinhausen-am-niederrhein.de\/kirmes03_small.jpg\" alt=\"\" border=\"2\" \/><\/a><\/p>\n<p align=\"left\">\u00a0\u00a0\u00a0\u00a0\u00a0\u00a0\u00a0\u00a0\u00a0\u00a0\u00a0\u00a0\u00a0\u00a0\u00a0\u00a0\u00a0\u00a0\u00a0\u00a0\u00a0\u00a0\u00a0\u00a0\u00a0\u00a0\u00a0 <a href=\"http:\/\/rheinhausen-am-niederrhein.de\/pics\/kirmes05.jpg\" data-lightbox=\"gal[55]\"> <img decoding=\"async\" src=\"http:\/\/rheinhausen-am-niederrhein.de\/kirmes05_small.jpg\" alt=\"\" border=\"2\" \/><\/a><\/p>\n<p align=\"left\">\u00a0\u00a0\u00a0\u00a0\u00a0\u00a0\u00a0\u00a0\u00a0\u00a0\u00a0\u00a0\u00a0\u00a0\u00a0\u00a0\u00a0\u00a0\u00a0\u00a0\u00a0\u00a0\u00a0\u00a0\u00a0\u00a0\u00a0\u00a0\u00a0\u00a0\u00a0\u00a0\u00a0\u00a0\u00a0\u00a0\u00a0\u00a0\u00a0\u00a0\u00a0\u00a0\u00a0\u00a0\u00a0\u00a0\u00a0\u00a0\u00a0 <a href=\"http:\/\/rheinhausen-am-niederrhein.de\/pics\/kirmes04a.jpg\" data-lightbox=\"gal[55]\"> <img decoding=\"async\" src=\"http:\/\/rheinhausen-am-niederrhein.de\/kirmes04a_small.jpg\" alt=\"\" border=\"2\" \/><\/a><\/p>\n<p align=\"left\"><span style=\"font-family: Arial;\">Mike Bengel f\u00fchrt zusammen mit seinem Partner Ralf Reminder auch die anderen Kirmesveranstaltungen im Bezirk durch. Neben der Herbstkirmes gibt es auch eine Osterkirmes in Rheinhausen und sowohl die Friemersheimer, als auch die Bergheimer und Rumelner haben eine eigene Kirmes.<\/span><\/p>\n<p align=\"left\"><span style=\"font-family: Arial;\">Hier sehen wir Bezirksvorsteherin Katharina Gottschling beim Fassanstich auf der Osterkirmes auf dem Gl\u00fcck-Auf-Platz:<\/span><\/p>\n<p align=\"center\"><img decoding=\"async\" loading=\"lazy\" src=\"http:\/\/rheinhausen-am-niederrhein.de\/pics\/kirmes07.jpg\" alt=\"Mike Bengel unterst\u00fctzt Katharina Gottschling beim Anstich\" width=\"409\" height=\"307\" border=\"0\" \/><img decoding=\"async\" loading=\"lazy\" src=\"http:\/\/rheinhausen-am-niederrhein.de\/pics\/kirmes06.jpg\" alt=\"Geschafft! - Alle sind happy: (v.l.) Ralf Reminder, Franz Kropp (Autoscooter-Betreiber), Katharina Gottschling und Mike Bengel\" width=\"409\" height=\"307\" border=\"0\" \/><\/p>\n<p align=\"center\"><span style=\"font-family: Arial;\">Auch hier durfte nat\u00fcrlich die Politprominenz nicht fehlen<br \/>\n(zumal Rudi Lisken an diesem Tag Geburtstag feierte):<\/span><\/p>\n<p align=\"center\"><img decoding=\"async\" loading=\"lazy\" src=\"http:\/\/rheinhausen-am-niederrhein.de\/pics\/kirmes08.jpg\" alt=\"Claudia Lei\u00dfe, Chefin der Gr\u00fcnen &amp; Rudi Lisken\" width=\"409\" height=\"307\" border=\"0\" \/><img decoding=\"async\" loading=\"lazy\" src=\"http:\/\/rheinhausen-am-niederrhein.de\/pics\/kirmes09.jpg\" alt=\"Katharina Gottschling gratuliert Rudi Lisken\" width=\"409\" height=\"307\" border=\"0\" \/><\/p>\n","protected":false},"excerpt":{"rendered":"<p>Kirmes in Rheinhausen Einer der H\u00f6hepunkte des Jahres in Rheinhausen war immer schon die gro\u00dfe Herbstkirmes auf dem Markt in Hochemmerich (inklusive schulfrei am Montag). Der Kirmesplatz erstreckt sich von der gesamten Marktfl\u00e4che \u00fcber die Atroper Stra\u00dfe. Er\u00f6ffnet wird sie immer vom Bezirksvorsteher, bzw. der Bezirksvorsteherin mit dem traditionellen Fassanstich, zu dem sich die gesamte [&hellip;]<\/p>\n","protected":false},"author":1,"featured_media":0,"parent":44,"menu_order":0,"comment_status":"closed","ping_status":"closed","template":"","meta":[],"_links":{"self":[{"href":"https:\/\/rheinhausen-am-niederrhein.de\/index.php?rest_route=\/wp\/v2\/pages\/55"}],"collection":[{"href":"https:\/\/rheinhausen-am-niederrhein.de\/index.php?rest_route=\/wp\/v2\/pages"}],"about":[{"href":"https:\/\/rheinhausen-am-niederrhein.de\/index.php?rest_route=\/wp\/v2\/types\/page"}],"author":[{"embeddable":true,"href":"https:\/\/rheinhausen-am-niederrhein.de\/index.php?rest_route=\/wp\/v2\/users\/1"}],"replies":[{"embeddable":true,"href":"https:\/\/rheinhausen-am-niederrhein.de\/index.php?rest_route=%2Fwp%2Fv2%2Fcomments&post=55"}],"version-history":[{"count":0,"href":"https:\/\/rheinhausen-am-niederrhein.de\/index.php?rest_route=\/wp\/v2\/pages\/55\/revisions"}],"up":[{"embeddable":true,"href":"https:\/\/rheinhausen-am-niederrhein.de\/index.php?rest_route=\/wp\/v2\/pages\/44"}],"wp:attachment":[{"href":"https:\/\/rheinhausen-am-niederrhein.de\/index.php?rest_route=%2Fwp%2Fv2%2Fmedia&parent=55"}],"curies":[{"name":"wp","href":"https:\/\/api.w.org\/{rel}","templated":true}]}}