{"id":66,"date":"2015-03-01T13:15:24","date_gmt":"2015-03-01T12:15:24","guid":{"rendered":"http:\/\/rheinhausen-am-niederrhein.de\/wordpress\/?page_id=66"},"modified":"2015-03-01T13:15:24","modified_gmt":"2015-03-01T12:15:24","slug":"kruppsee","status":"publish","type":"page","link":"https:\/\/rheinhausen-am-niederrhein.de\/?page_id=66","title":{"rendered":"Kruppsee"},"content":{"rendered":"<p align=\"center\"><span style=\"font-family: Arial; font-size: x-large;\">Der Kruppsee<\/span><\/p>\n<p align=\"center\"><span style=\"font-family: Arial;\"> <img decoding=\"async\" loading=\"lazy\" src=\"http:\/\/rheinhausen-am-niederrhein.de\/pics\/kruppsee.jpg\" alt=\"\" width=\"500\" height=\"375\" border=\"0\" \/><\/span><\/p>\n<p align=\"center\"><span style=\"font-family: Arial;\">Am Kruppsee in Friemersheim<br \/>\nfinden Sie neben einem sch\u00f6nen Naherholungsgebiet auch das \u00e4lteste Freibad Rheinhausens:<\/span><\/p>\n<p align=\"center\"><span style=\"font-family: Arial;\"> <img decoding=\"async\" loading=\"lazy\" src=\"http:\/\/rheinhausen-am-niederrhein.de\/pics\/FBkrupp\/FreibadKruppsee01a.jpg\" alt=\"\" width=\"432\" height=\"303\" border=\"0\" \/><\/span><\/p>\n<p align=\"left\"><span style=\"font-family: Arial;\">Betrieben und tiptop in Schuss gehalten wird das Freibad vom Schwimmverein Rheinhausen 1913 e.V.<\/span><\/p>\n<p align=\"left\"><span style=\"font-family: Arial;\">Begleiten Sie uns auf einen kleinen Rundgang durch das Freibad, das aus einer abgeteilten Schwimmzone im Kruppsee selbst und einem Schwimmstadion besteht:<\/span><\/p>\n<p align=\"center\"><span style=\"font-family: Arial;\"> <a href=\"http:\/\/rheinhausen-am-niederrhein.de\/pics\/FBkrupp\/FreibadKruppsee08.jpg\" data-lightbox=\"gal[66]\"> <img decoding=\"async\" src=\"http:\/\/rheinhausen-am-niederrhein.de\/FreibadKruppsee08_small.jpg\" alt=\"\" border=\"2\" \/><\/a><a href=\"http:\/\/rheinhausen-am-niederrhein.de\/pics\/FBkrupp\/FreibadKruppsee07.jpg\" data-lightbox=\"gal[66]\"><img decoding=\"async\" src=\"http:\/\/rheinhausen-am-niederrhein.de\/FreibadKruppsee07_small.jpg\" alt=\"\" border=\"2\" \/><\/a><a href=\"http:\/\/rheinhausen-am-niederrhein.de\/pics\/FBkrupp\/FreibadKruppsee06.jpg\" data-lightbox=\"gal[66]\"><img decoding=\"async\" src=\"http:\/\/rheinhausen-am-niederrhein.de\/FreibadKruppsee06_small.jpg\" alt=\"\" border=\"2\" \/><\/a><a href=\"http:\/\/rheinhausen-am-niederrhein.de\/pics\/FBkrupp\/FreibadKruppsee05.jpg\" data-lightbox=\"gal[66]\"><img decoding=\"async\" src=\"http:\/\/rheinhausen-am-niederrhein.de\/FreibadKruppsee05_small.jpg\" alt=\"\" border=\"2\" \/><\/a><a href=\"http:\/\/rheinhausen-am-niederrhein.de\/pics\/FBkrupp\/FreibadKruppsee04.jpg\" data-lightbox=\"gal[66]\"><img decoding=\"async\" src=\"http:\/\/rheinhausen-am-niederrhein.de\/FreibadKruppsee04_small.jpg\" alt=\"\" border=\"2\" \/><\/a><a href=\"http:\/\/rheinhausen-am-niederrhein.de\/pics\/FBkrupp\/FreibadKruppsee03.jpg\" data-lightbox=\"gal[66]\"><img decoding=\"async\" src=\"http:\/\/rheinhausen-am-niederrhein.de\/FreibadKruppsee03_small.jpg\" alt=\"\" border=\"2\" \/><\/a><a href=\"http:\/\/rheinhausen-am-niederrhein.de\/pics\/FBkrupp\/FreibadKruppsee02.jpg\" data-lightbox=\"gal[66]\"><img decoding=\"async\" src=\"http:\/\/rheinhausen-am-niederrhein.de\/FreibadKruppsee02_small.jpg\" alt=\"\" border=\"2\" \/><\/a><\/span><\/p>\n<p align=\"left\"><span style=\"font-family: Arial;\">Das schrieb die <a href=\"http:\/\/www.nrz.de\/nrz\/nrz.duisburg_west.lokal.php?lokstadt=Duisburg-West\"> NRZ<\/a>:<\/span><\/p>\n<p align=\"left\"><span style=\"font-family: Arial;\"><span style=\"font-size: large;\">Kruppsee: Mehr Fisch und noch mehr Natur<\/span><\/span><\/p>\n<p><i>Ein Rundgang. Als die H\u00fctte 1898 Sand und Kies brauchte.<br \/>\n<\/i>Ruhe genie\u00dfen. Die Jahreszeiten erleben. Den Alltags hinter sich lassen. Natur sehen. Ein kleines Refugium f\u00fcr Mensch und Tier ist vor 106 Jahren in Friemersheim entstanden: der Kruppsee. Zieht der &#8222;Toepper&#8220; die Sportler an, so lockt dieses Binnengew\u00e4sser die gem\u00fctlicheren Zeitgenossen. Begleitet von den letzten Bl\u00e4ttern, die herbstlich bunt von den B\u00e4umen fallen, streift die Redaktion um den Kruppsee.<br \/>\nDer Start f\u00e4llt allerdings wenig idyllisch aus. An der Bachstra\u00dfe buddelt sich zur Zeit schweres Ger\u00e4t in den Untergrund. Es entsteht mit Blick auf den Bau der S\u00fcdtangente L473n ein riesiges Regenr\u00fcckhaltebecken unter dem Parkplatzgel\u00e4nde am Freibad (wir berichteten) \u00c4hnlich w\u00fcst muss es auch 1898 ausgesehen haben. Da beschloss Friedrich Alfred Krupp den Ausbau der H\u00fctte. Was er ben\u00f6tigte waren tonnenweise Sand und Kies. Die gab\u00b4s hier zuhauf. Und so schickte auch der Gro\u00dfindustrielle \u00b4W\u00fchlm\u00e4use\u00b4 an die Bachstra\u00dfe.<br \/>\n<b><br \/>\nDer ASC und ein US-Jeep im Teich<br \/>\n<\/b><br \/>\nDeren Arbeiten dauerten nicht sehr lange. Der Grund unter der heute 13,4 Hektar gro\u00dfen Seefl\u00e4che war schnell ausgehoben. Regenwasser sammelte sich und markierte die Geburt dieses Kleinods der hiesigen Landschaft.<br \/>\n1924 kamen die ersten Freizeitaktivisten und hoben den Angelsport-Club Rheinhausen\/Niederrhein aus der Taufe. Nur zehn Jahre sp\u00e4ter pachtete der Club den See und noch vor dem Krieg war der Grundstein f\u00fcr ein Anglerheim gelegt. 1963 \u00fcberlie\u00df die Firma Krupp der Stadt dann das ganze Areal. Im Zuge dessen nannten sich die Petrij\u00fcnger fortan <a href=\"http:\/\/www.asc-kruppsee.de\/\">ASC Kruppsee Rheinhausen<\/a>. Erst im August diesen Jahres wurde das Vereinsjubil\u00e4um z\u00fcnftig gefeiert. Schwelgen die Fischer in der Vergangenheit, kommt mitunter Skurriles hervor. So erinnerte sich j\u00fcngst Herbert Haak: &#8222;Da liegt noch ein amerikanischer Jeep im Teich&#8230;&#8220;<\/p>\n<p>Mantel zurecht gezupft. Kragen hoch gestellt. So f\u00fchrt der Weg durch den Nieselregen dieses tr\u00fcben Novembertags. Entengeschnatter schallt durch die Luft. Nur wenige Meter hinter der heutigen Baugrube erreicht man das ASC-Heim. Seit Anfang des Jahren ist es die &#8222;Schaltzentrale&#8220; f\u00fcr den \u00f6kologischen Umbau des Sees mit dem Ziel: etwas mehr Natur und etwas mehr Fisch am Haken.<\/p>\n<p>Ohne den L\u00e4rm der Baustelle und zwischen den immer wieder vorbeirauschenden Z\u00fcge ist es beschaulich. Die mehr als eineinhalb Kilometer langen Fu\u00df- und Radwege in Ufern\u00e4he sind von gro\u00dfen Baumkronen \u00fcberdacht. Auf dem Weg begegnen einsame Fu\u00dfg\u00e4nger und eng umschlungene P\u00e4rchen. Auch jugendliche Cliquen sind hier. Einige mit R\u00e4dern, andere ohne. Auf Abenteuersuche im Unterholz oder f\u00fcr Mutproben in der D\u00e4mmerung. Schlie\u00dflich h\u00e4lt sich nachdr\u00fccklich das Ger\u00fccht von dicken, fetten Wasserraten, deren Gr\u00f6\u00dfenbeschreibungen es mit jedem Anglerlatein aufnehmen k\u00f6nnen.<br \/>\nDurchs Laub des vergangenen Sommers schlendernd, gelangen Spazierg\u00e4nger in H\u00f6he der Ackerstra\u00dfe zum Friemersheimer Friedhof. Nach einigen hundert Metern geht der Wanderweg in die Friedhofsallee \u00fcber. Private Seegrundst\u00fccke schneiden die \u00d6ffentlichkeit von hier aus bis zum Freibad vom See-Zugang ab.<\/p>\n<p>Eine handvoll B\u00fcrger haben indes ein wahres Privileg. Auf ihren teils feudalen Anwesen erfreuen sie sich nicht nur des freien Blicks auf das Gew\u00e4sser. Die Erlesenen k\u00f6nnen sich vom Fr\u00fchst\u00fcckstisch aus direkt in die Fluten st\u00fcrzen. Ungest\u00f6rt und sorgenfrei. W\u00e4hrend an manchen Sommertagen nur ein paar Meter weiter Scharen Schwimmfreudiger ins Freibad dr\u00e4ngen und um die wenigen Meter Liegewiese streiten.<\/p>\n<p align=\"left\"><span style=\"font-family: Arial;\">17.11.2004 THORSTEN GERALD SCHNEIDERS<\/span><\/p>\n<p align=\"center\"><span style=\"font-family: Arial;\"> <img decoding=\"async\" loading=\"lazy\" src=\"http:\/\/rheinhausen-am-niederrhein.de\/pics\/FBkrupp\/FreibadKruppsee09.jpg\" alt=\"\" width=\"512\" height=\"384\" border=\"0\" \/><\/span><\/p>\n","protected":false},"excerpt":{"rendered":"<p>Der Kruppsee Am Kruppsee in Friemersheim finden Sie neben einem sch\u00f6nen Naherholungsgebiet auch das \u00e4lteste Freibad Rheinhausens: Betrieben und tiptop in Schuss gehalten wird das Freibad vom Schwimmverein Rheinhausen 1913 e.V. Begleiten Sie uns auf einen kleinen Rundgang durch das Freibad, das aus einer abgeteilten Schwimmzone im Kruppsee selbst und einem Schwimmstadion besteht: Das schrieb [&hellip;]<\/p>\n","protected":false},"author":1,"featured_media":0,"parent":44,"menu_order":0,"comment_status":"closed","ping_status":"closed","template":"","meta":[],"_links":{"self":[{"href":"https:\/\/rheinhausen-am-niederrhein.de\/index.php?rest_route=\/wp\/v2\/pages\/66"}],"collection":[{"href":"https:\/\/rheinhausen-am-niederrhein.de\/index.php?rest_route=\/wp\/v2\/pages"}],"about":[{"href":"https:\/\/rheinhausen-am-niederrhein.de\/index.php?rest_route=\/wp\/v2\/types\/page"}],"author":[{"embeddable":true,"href":"https:\/\/rheinhausen-am-niederrhein.de\/index.php?rest_route=\/wp\/v2\/users\/1"}],"replies":[{"embeddable":true,"href":"https:\/\/rheinhausen-am-niederrhein.de\/index.php?rest_route=%2Fwp%2Fv2%2Fcomments&post=66"}],"version-history":[{"count":0,"href":"https:\/\/rheinhausen-am-niederrhein.de\/index.php?rest_route=\/wp\/v2\/pages\/66\/revisions"}],"up":[{"embeddable":true,"href":"https:\/\/rheinhausen-am-niederrhein.de\/index.php?rest_route=\/wp\/v2\/pages\/44"}],"wp:attachment":[{"href":"https:\/\/rheinhausen-am-niederrhein.de\/index.php?rest_route=%2Fwp%2Fv2%2Fmedia&parent=66"}],"curies":[{"name":"wp","href":"https:\/\/api.w.org\/{rel}","templated":true}]}}