{"id":69,"date":"2015-03-01T13:15:56","date_gmt":"2015-03-01T12:15:56","guid":{"rendered":"http:\/\/rheinhausen-am-niederrhein.de\/wordpress\/?page_id=69"},"modified":"2015-03-01T13:15:56","modified_gmt":"2015-03-01T12:15:56","slug":"friemersheim-dorf","status":"publish","type":"page","link":"https:\/\/rheinhausen-am-niederrhein.de\/?page_id=69","title":{"rendered":"Friemersheim Dorf"},"content":{"rendered":"<p align=\"center\"><span style=\"font-family: Arial; font-size: x-large;\">Friemersheim Dorf<\/span><\/p>\n<p align=\"center\"><span style=\"font-family: Arial;\">Friemersheim hat au\u00dferdem einen fast vollst\u00e4ndig erhaltenen alten Dorfkern,<br \/>\neiner der sch\u00f6nsten Flecken Erde in der gesamten Region:<\/span><\/p>\n<p align=\"center\"><span style=\"font-family: Arial;\"> <img decoding=\"async\" loading=\"lazy\" src=\"http:\/\/rheinhausen-am-niederrhein.de\/pics\/FriemershDorf.jpg\" alt=\"\" width=\"454\" height=\"341\" border=\"0\" \/><\/span><\/p>\n<p align=\"left\"><span style=\"font-family: Arial;\">Das FRIEMERSHEIMER DORF\u00a0liegt im S\u00fcden Rheinhausens, direkt am Rheindamm. Um die \u00e4u\u00dferlich wundersch\u00f6ne barocke ev. Dorfkirche, die bereits im Jahre 1147 urkundlich erw\u00e4hnt wurde, reiht sich ein intakter Dorfkern mit <a href=\"http:\/\/rheinhausen-am-niederrhein.de\/Lehrerhaus.htm\" target=\"_self\" rel=\"noopener\">Lehrerhaus<\/a> (Heimatmuseum des <a href=\"http:\/\/www.lehrerhaus-friemersheim.de\/\">&#8222;Freundeskreis lebendige Grafschaft&#8220;<\/a> ), altem Pfarrhaus und alteingesessener Gastwirtschaft ( &#8222;Restauration Schumacher&#8220; ). In dieser Restauration gr\u00fcndete sich vor \u00fcber 150 Jahren der \u00e4lteste Chor Duisburgs, der &#8222;MGV Frohsinn Friemersheim&#8220;.<\/span><\/p>\n<p>Fast w\u00e4re dieses st\u00e4dtebauliche Kleinod 1975 zerst\u00f6rt und durch eine &#8222;moderne&#8220; Wohnbebauung ersetzt worden. Der &#8222;Freundeskreis Lebendige Grafschaft&#8220; hat dies verhindern k\u00f6nnen und auch den damaligen Oberb\u00fcrgermeister Josef Krings f\u00fcr den Erhalt begeistern k\u00f6nnen.<\/p>\n<p>Auch Naturfreunde kommen auf ihre Kosten und k\u00f6nnen vom Dorfkern aus \u00fcber den Rheindamm lange Wanderungen in das\u00a0 Naturschutz- und Naherholungsgebiet Rheinaue unternehmen. Hier liegt au\u00dferdem noch eine Sehensw\u00fcrdigkeit:\u00a0 Der Werth\u00b4sche Hof mit Pferdezucht und Pferdepension, einst der Sitz der &#8222;Ritter von Friemersheim&#8220; mit einem erhaltenen mittelalterlichen Turm.<\/p>\n<p align=\"center\"><span style=\"font-family: Arial;\"> <a href=\"http:\/\/rheinhausen-am-niederrhein.de\/Dorfkirche.htm\" target=\"_self\" rel=\"noopener\"> <img decoding=\"async\" loading=\"lazy\" src=\"http:\/\/rheinhausen-am-niederrhein.de\/pics\/DorfkircheFriemersh.jpg\" alt=\"Klicken Sie hier, um mehr \u00fcber die Dorfkirche zu erfahren\" width=\"341\" height=\"454\" align=\"left\" border=\"0\" \/><\/a><\/span><\/p>\n<p align=\"center\"><span style=\"font-family: Arial;\"><a href=\"http:\/\/rheinhausen-am-niederrhein.de\/pics\/DorfkircheWeg.jpg\" data-lightbox=\"gal[69]\"> <img decoding=\"async\" src=\"http:\/\/rheinhausen-am-niederrhein.de\/DorfkircheWeg_small.jpg\" alt=\"Dorfkirche Friemersheim\" border=\"2\" \/><\/a><a href=\"http:\/\/rheinhausen-am-niederrhein.de\/pics\/AltPfarrhausFriemersh.jpg\" data-lightbox=\"gal[69]\">\u00a0 <\/a><\/span><\/p>\n<p><a href=\"http:\/\/rheinhausen-am-niederrhein.de\/pics\/AltPfarrhausFriemersh.jpg\" data-lightbox=\"gal[69]\"> <img decoding=\"async\" src=\"http:\/\/rheinhausen-am-niederrhein.de\/AltPfarrhausFriemersh_small.jpg\" alt=\"Das alte Pfarrhaus\" border=\"2\" \/><\/a><\/p>\n<p align=\"center\"><span style=\"font-family: Arial;\"><a href=\"http:\/\/rheinhausen-am-niederrhein.de\/pics\/Lehrerhaus_sm.jpg\" data-lightbox=\"gal[69]\"> <img decoding=\"async\" src=\"http:\/\/rheinhausen-am-niederrhein.de\/Lehrerhaus_sm_small.jpg\" alt=\"Das Lehrerhaus\" border=\"2\" \/>\u00a0 <\/a> <a href=\"http:\/\/rheinhausen-am-niederrhein.de\/pics\/RestaurationSchumacher.jpg\" data-lightbox=\"gal[69]\"> <img decoding=\"async\" src=\"http:\/\/rheinhausen-am-niederrhein.de\/RestaurationSchumacher_small.jpg\" alt=\"Die Restauration Schumacher\" border=\"2\" \/><\/a><\/span><\/p>\n<p><a href=\"http:\/\/rheinhausen-am-niederrhein.de\/pics\/WerthscherHof.jpg\" data-lightbox=\"gal[69]\"> <img decoding=\"async\" src=\"http:\/\/rheinhausen-am-niederrhein.de\/WerthscherHof_small.jpg\" alt=\"Der Werth'sche Hof\" border=\"2\" \/><\/a><\/p>\n<p align=\"left\"><span style=\"font-family: Arial;\">Neben den mannigfaltigen kulturellen und gesellschaftlichen Aktivit\u00e4ten des Freundeskreis<br \/>\nist besonders der &#8222;Friemersheimer Kultursommer&#8220; vor, in und neben der <a href=\"http:\/\/rheinhausen-am-niederrhein.de\/Dorfkirche.htm\" target=\"_self\" rel=\"noopener\">Dorfkirche<\/a> ein besonderes Highlight.<\/span><\/p>\n","protected":false},"excerpt":{"rendered":"<p>Friemersheim Dorf Friemersheim hat au\u00dferdem einen fast vollst\u00e4ndig erhaltenen alten Dorfkern, einer der sch\u00f6nsten Flecken Erde in der gesamten Region: Das FRIEMERSHEIMER DORF\u00a0liegt im S\u00fcden Rheinhausens, direkt am Rheindamm. Um die \u00e4u\u00dferlich wundersch\u00f6ne barocke ev. Dorfkirche, die bereits im Jahre 1147 urkundlich erw\u00e4hnt wurde, reiht sich ein intakter Dorfkern mit Lehrerhaus (Heimatmuseum des &#8222;Freundeskreis lebendige [&hellip;]<\/p>\n","protected":false},"author":1,"featured_media":0,"parent":44,"menu_order":0,"comment_status":"closed","ping_status":"closed","template":"","meta":[],"_links":{"self":[{"href":"https:\/\/rheinhausen-am-niederrhein.de\/index.php?rest_route=\/wp\/v2\/pages\/69"}],"collection":[{"href":"https:\/\/rheinhausen-am-niederrhein.de\/index.php?rest_route=\/wp\/v2\/pages"}],"about":[{"href":"https:\/\/rheinhausen-am-niederrhein.de\/index.php?rest_route=\/wp\/v2\/types\/page"}],"author":[{"embeddable":true,"href":"https:\/\/rheinhausen-am-niederrhein.de\/index.php?rest_route=\/wp\/v2\/users\/1"}],"replies":[{"embeddable":true,"href":"https:\/\/rheinhausen-am-niederrhein.de\/index.php?rest_route=%2Fwp%2Fv2%2Fcomments&post=69"}],"version-history":[{"count":0,"href":"https:\/\/rheinhausen-am-niederrhein.de\/index.php?rest_route=\/wp\/v2\/pages\/69\/revisions"}],"up":[{"embeddable":true,"href":"https:\/\/rheinhausen-am-niederrhein.de\/index.php?rest_route=\/wp\/v2\/pages\/44"}],"wp:attachment":[{"href":"https:\/\/rheinhausen-am-niederrhein.de\/index.php?rest_route=%2Fwp%2Fv2%2Fmedia&parent=69"}],"curies":[{"name":"wp","href":"https:\/\/api.w.org\/{rel}","templated":true}]}}