{"id":92,"date":"2015-03-01T13:23:08","date_gmt":"2015-03-01T12:23:08","guid":{"rendered":"http:\/\/rheinhausen-am-niederrhein.de\/wordpress\/?page_id=92"},"modified":"2015-03-01T13:23:08","modified_gmt":"2015-03-01T12:23:08","slug":"logport","status":"publish","type":"page","link":"https:\/\/rheinhausen-am-niederrhein.de\/?page_id=92","title":{"rendered":"Logport"},"content":{"rendered":"<p align=\"center\"><span style=\"font-family: Arial; font-size: x-large;\">logport<\/span><\/p>\n<p align=\"center\"><img decoding=\"async\" loading=\"lazy\" src=\"http:\/\/rheinhausen-am-niederrhein.de\/pics\/logportDIT.jpg\" alt=\"\" width=\"454\" height=\"341\" border=\"0\" \/><\/p>\n<p align=\"left\"><span style=\"font-family: Arial; font-size: large;\">logport entwickelt sich zum &#8222;logistischen Herzen&#8220; NRWs:\u00a0 <\/span><\/p>\n<p align=\"left\"><span style=\"font-family: Arial; font-size: large;\">In Duisburg-Rheinhausen haben innovative Ideen Tradition. Schon Ende des 19. Jahrhunderts schrieb hier der Krupp-Konzern mit seinem Stahlwerk Geschichte. Nach dessen Schlie\u00dfung im August 1993 entsteht hier seit 1999 ein Logistikzentrum modernsten Zuschnitts.<br \/>\nDabei werden die Plandaten zur Vermarktung und Entwicklung des Gel\u00e4ndes kontinuierlich unterschritten. Voraussichtlich wird logport bereits 2007 und nicht erst 2015 vollst\u00e4ndig vermarktet sein.<br \/>\nHeute ist das 265 Hektar gro\u00dfe Areal vollst\u00e4ndig erschlossen und zu mehr als 60 Prozent vermarktet. Die erste Neuansiedlung war New Wave Logistics (heute NYK Logistics), eine Tochter der japanischen Gro\u00dfreederei NYK. Weitere Unternehmen folgten: P&amp;O, Interspe Hamann, Mackprang, K\u00fchne &amp; Nagel, Rhenus, Wincanton, Cobelfret&#8230;<br \/>\nIm September 2002 er\u00f6ffnete mit dem DIT Duisburg Intermodal Terminal das logistische Herzst\u00fcck von logport. Am alten und mittlerweile erneuerten Krupp-Hafen gelegen erf\u00fcllt dieses hoch moderne trimodale Containerterminal nahezu jeden Transportwunsch.<\/span><\/p>\n<p>Daten zu logport:<\/p>\n<p>Gr\u00f6\u00dfe:<br \/>\n\uf0b7 Gesamtgr\u00f6\u00dfe: 265 Hektar<br \/>\n\uf0b7 Grundst\u00fccke: flexibel aufteilbare Kauf- und Pachtgrundst\u00fccke<\/p>\n<p>Infrastruktur:<br \/>\n\uf0b7 Eigenes Hafenbecken<br \/>\n\uf0b7 Eigener Rangierbahnhof<br \/>\n\uf0b7 Gleisanbindung der meisten Grundst\u00fccke<br \/>\n\uf0b7 Neues Stra\u00dfennetz<br \/>\n\uf0b7 Eigenes Containerterminal<br \/>\n\uf0b7 Eigene Ro\/Ro-Anlage<\/p>\n<p>Lage:<br \/>\n\uf0b7 Duisburg-Rheinhausen, auf dem Gel\u00e4nde des ehemaligen Krupp-Stahlwerks<br \/>\n\uf0b7 Teil des Duisburger Hafens, gr\u00f6\u00dfter Binnenhafen Europas<br \/>\n\uf0b7 Stadt Duisburg (500.000 Einwohner)<br \/>\n\uf0b7 Rhein-Ruhr-Region (11 Mio. Einwohner)<br \/>\n\uf0b7 Land Nordrhein-Westfalen (18 Mio. Einwohner)<br \/>\n\uf0b7 In einem Radius von 150 km: 30 Millionen Menschen<br \/>\n\uf0b7 In maximal acht Stunden: mehr als 150 Millionen Menschen<\/p>\n<p>Verkehrsanbindung:<\/p>\n<p>\uf0b7 Wasser:<br \/>\nRhein, Europ\u00e4isches Kanalsystem<\/p>\n<p>\uf0b7 Schiene:<br \/>\n90 km hafeneigene Gleise, Anbindung an das deutsche und europ\u00e4ische Schienennetz<\/p>\n<p>\uf0b7 Stra\u00dfe:<br \/>\nA57 (Direktanbindung \u00fcber <a href=\"http:\/\/rheinhausen-am-niederrhein.de\/L473n.htm\" target=\"_self\" rel=\"noopener\">L473N<\/a> ab Ende 2006), A59, A40, A42, B8, B57, B288<\/p>\n<p>\uf0b7 Luft:<br \/>\nFlughafen D\u00fcsseldorf (ca. 30 Min.)<br \/>\nK\u00f6ln-Bonn Airport (ca. &amp;0 Min)<\/p>\n<p align=\"center\"><a href=\"http:\/\/rheinhausen-am-niederrhein.de\/wp-content\/uploads\/2015\/03\/NRM_1409_BaN_Serie_Industrie_3.jpg\" data-lightbox=\"gal[92]\"><img decoding=\"async\" loading=\"lazy\" class=\"alignnone size-large wp-image-5\" src=\"http:\/\/rheinhausen-am-niederrhein.de\/wp-content\/uploads\/2015\/03\/NRM_1409_BaN_Serie_Industrie_3-1024x618.jpg\" alt=\"NRM_1409_BaN_Serie_Industrie_3\" width=\"640\" height=\"386\" \/><\/a><br \/>\n<span style=\"font-family: Arial;\">logport aus der Luft (niederrhein-manager.de)<\/span><\/p>\n","protected":false},"excerpt":{"rendered":"<p>logport logport entwickelt sich zum &#8222;logistischen Herzen&#8220; NRWs:\u00a0 In Duisburg-Rheinhausen haben innovative Ideen Tradition. Schon Ende des 19. Jahrhunderts schrieb hier der Krupp-Konzern mit seinem Stahlwerk Geschichte. Nach dessen Schlie\u00dfung im August 1993 entsteht hier seit 1999 ein Logistikzentrum modernsten Zuschnitts. Dabei werden die Plandaten zur Vermarktung und Entwicklung des Gel\u00e4ndes kontinuierlich unterschritten. Voraussichtlich wird [&hellip;]<\/p>\n","protected":false},"author":1,"featured_media":0,"parent":44,"menu_order":0,"comment_status":"closed","ping_status":"closed","template":"","meta":[],"_links":{"self":[{"href":"https:\/\/rheinhausen-am-niederrhein.de\/index.php?rest_route=\/wp\/v2\/pages\/92"}],"collection":[{"href":"https:\/\/rheinhausen-am-niederrhein.de\/index.php?rest_route=\/wp\/v2\/pages"}],"about":[{"href":"https:\/\/rheinhausen-am-niederrhein.de\/index.php?rest_route=\/wp\/v2\/types\/page"}],"author":[{"embeddable":true,"href":"https:\/\/rheinhausen-am-niederrhein.de\/index.php?rest_route=\/wp\/v2\/users\/1"}],"replies":[{"embeddable":true,"href":"https:\/\/rheinhausen-am-niederrhein.de\/index.php?rest_route=%2Fwp%2Fv2%2Fcomments&post=92"}],"version-history":[{"count":0,"href":"https:\/\/rheinhausen-am-niederrhein.de\/index.php?rest_route=\/wp\/v2\/pages\/92\/revisions"}],"up":[{"embeddable":true,"href":"https:\/\/rheinhausen-am-niederrhein.de\/index.php?rest_route=\/wp\/v2\/pages\/44"}],"wp:attachment":[{"href":"https:\/\/rheinhausen-am-niederrhein.de\/index.php?rest_route=%2Fwp%2Fv2%2Fmedia&parent=92"}],"curies":[{"name":"wp","href":"https:\/\/api.w.org\/{rel}","templated":true}]}}