{"id":95,"date":"2015-03-01T13:23:38","date_gmt":"2015-03-01T12:23:38","guid":{"rendered":"http:\/\/rheinhausen-am-niederrhein.de\/wordpress\/?page_id=95"},"modified":"2015-03-01T13:23:38","modified_gmt":"2015-03-01T12:23:38","slug":"businesspark","status":"publish","type":"page","link":"https:\/\/rheinhausen-am-niederrhein.de\/?page_id=95","title":{"rendered":"Businesspark"},"content":{"rendered":"<p align=\"center\"><span style=\"font-family: Arial; font-size: x-large;\">Businesspark Niederrhein<br \/>\nAsterlagen<\/span><\/p>\n<p><span style=\"font-family: Arial; font-size: large;\">&#8222;Arbeiten im Park&#8220; &#8211; Motto und Realit\u00e4t. Der Businesspark Niederrhein bietet mit \u00fcber 270.000 qm jedem Unternehmen den Rahmen, den es sich f\u00fcr die Zukunft w\u00fcnschen kann. <\/span><\/p>\n<p><span style=\"font-family: Arial; font-size: large;\"> <img decoding=\"async\" loading=\"lazy\" src=\"http:\/\/rheinhausen-am-niederrhein.de\/pics\/busnpplan.jpg\" alt=\"\" width=\"400\" height=\"226\" border=\"0\" \/> <\/span><\/p>\n<p><span style=\"font-family: Arial; font-size: large;\">Der Businesspark ist nicht nur ein Gewerbegebiet mit modernen Unternehmen, sondern sowohl architektonisch als auch landschaftsplanerisch sehenswert. Ein richtiger Park mit sehr viel Gr\u00fcn, modernen Geb\u00e4uden und Kunstobjekten.<\/span><\/p>\n<p>Impressionen aus dem Park:<\/p>\n<p align=\"center\"><span style=\"font-family: Arial;\"><a href=\"http:\/\/rheinhausen-am-niederrhein.de\/pics\/busnp01.jpg\" data-lightbox=\"gal[95]\"> <img decoding=\"async\" src=\"http:\/\/rheinhausen-am-niederrhein.de\/busnp01_small.jpg\" alt=\"\" border=\"2\" \/><\/a> <a href=\"http:\/\/rheinhausen-am-niederrhein.de\/pics\/busnp03a.jpg\" data-lightbox=\"gal[95]\"> <img decoding=\"async\" src=\"http:\/\/rheinhausen-am-niederrhein.de\/busnp03a_small.jpg\" alt=\"\" border=\"2\" \/><\/a><br \/>\n<a href=\"http:\/\/rheinhausen-am-niederrhein.de\/pics\/busnp03.jpg\" data-lightbox=\"gal[95]\"> <img decoding=\"async\" src=\"http:\/\/rheinhausen-am-niederrhein.de\/busnp03_small.jpg\" alt=\"\" border=\"2\" \/><\/a> <a href=\"http:\/\/rheinhausen-am-niederrhein.de\/pics\/busnp02.jpg\" data-lightbox=\"gal[95]\"> <img decoding=\"async\" src=\"http:\/\/rheinhausen-am-niederrhein.de\/busnp02_small.jpg\" alt=\"\" border=\"2\" \/><\/a><br \/>\n<a href=\"http:\/\/rheinhausen-am-niederrhein.de\/pics\/busnp04.jpg\" data-lightbox=\"gal[95]\"> <img decoding=\"async\" src=\"http:\/\/rheinhausen-am-niederrhein.de\/busnp04_small.jpg\" alt=\"\" border=\"2\" \/><\/a> <a href=\"http:\/\/rheinhausen-am-niederrhein.de\/pics\/busnp05.jpg\" data-lightbox=\"gal[95]\"> <img decoding=\"async\" src=\"http:\/\/rheinhausen-am-niederrhein.de\/busnp05_small.jpg\" alt=\"\" border=\"2\" \/><\/a><\/span><\/p>\n<p><span style=\"font-family: Arial; font-size: large;\">Die \u00fcber die GFW Duisburg in der Vermarktung befindlichen Grundst\u00fccke im Businesspark Niederrhein stehen im Eigentum der Stadt Duisburg. Der Businesspark Niederrhein liegt auf der westlichen Rheinseite, unmittelbar an der Autobahn A 40. Diese Standortqualit\u00e4t ist exemplarisch f\u00fcr die hervorragende Lagegunst Duisburgs an der Schnittstelle von Rheinschiene und Ruhrgebiet. <\/span><\/p>\n<p><span style=\"font-family: Arial; font-size: large;\">So finden Sie<br \/>\nden Businesspark:<br \/>\n<a href=\"http:\/\/rheinhausen-am-niederrhein.de\/pics\/busnpkarte.jpg\" data-lightbox=\"gal[95]\"> <img decoding=\"async\" src=\"http:\/\/rheinhausen-am-niederrhein.de\/busnpkarte_small.jpg\" alt=\"\" border=\"2\" \/><\/a><\/span><\/p>\n<p><span style=\"font-family: Arial;\"><span style=\"font-size: large;\">F\u00fcr diesen Standort haben sich bereits \u00fcber 50 Firmen unterschiedlichster Branchen entschieden wie zum Beispiel:<br \/>\n&#8211; Toyota Gabelstapler Deutschland GmbH<br \/>\n&#8211; Nitto Deutschland GmbH<br \/>\n&#8211; Deutsche Post AG<br \/>\n&#8211; Datex Ohmeda GmbH<br \/>\n&#8211; Stryker Howmedica<br \/>\n&#8211; Deutsche Bank AG<br \/>\n<\/span><br \/>\nMehr Infos finden Sie auf der Homepage der <a href=\"http:\/\/www.gfw-duisburg.de\/immobilien_center\/gewerbeparks\/index.php\"> GFW Duisburg<\/a><\/span><\/p>\n<p><span style=\"font-family: Arial;\">Ihr Ansprechpartner:<br \/>\nWolfgang Srowig<br \/>\nTel. 0049 (0)203 3639-363<br \/>\n<a href=\"mailto:srowig@gfw-duisburg.de\">srowig@gfw-duisburg.de<\/a><br \/>\n<\/span><\/p>\n<p>&nbsp;<\/p>\n","protected":false},"excerpt":{"rendered":"<p>Businesspark Niederrhein Asterlagen &#8222;Arbeiten im Park&#8220; &#8211; Motto und Realit\u00e4t. Der Businesspark Niederrhein bietet mit \u00fcber 270.000 qm jedem Unternehmen den Rahmen, den es sich f\u00fcr die Zukunft w\u00fcnschen kann. Der Businesspark ist nicht nur ein Gewerbegebiet mit modernen Unternehmen, sondern sowohl architektonisch als auch landschaftsplanerisch sehenswert. Ein richtiger Park mit sehr viel Gr\u00fcn, modernen [&hellip;]<\/p>\n","protected":false},"author":1,"featured_media":0,"parent":44,"menu_order":0,"comment_status":"closed","ping_status":"closed","template":"","meta":[],"_links":{"self":[{"href":"https:\/\/rheinhausen-am-niederrhein.de\/index.php?rest_route=\/wp\/v2\/pages\/95"}],"collection":[{"href":"https:\/\/rheinhausen-am-niederrhein.de\/index.php?rest_route=\/wp\/v2\/pages"}],"about":[{"href":"https:\/\/rheinhausen-am-niederrhein.de\/index.php?rest_route=\/wp\/v2\/types\/page"}],"author":[{"embeddable":true,"href":"https:\/\/rheinhausen-am-niederrhein.de\/index.php?rest_route=\/wp\/v2\/users\/1"}],"replies":[{"embeddable":true,"href":"https:\/\/rheinhausen-am-niederrhein.de\/index.php?rest_route=%2Fwp%2Fv2%2Fcomments&post=95"}],"version-history":[{"count":0,"href":"https:\/\/rheinhausen-am-niederrhein.de\/index.php?rest_route=\/wp\/v2\/pages\/95\/revisions"}],"up":[{"embeddable":true,"href":"https:\/\/rheinhausen-am-niederrhein.de\/index.php?rest_route=\/wp\/v2\/pages\/44"}],"wp:attachment":[{"href":"https:\/\/rheinhausen-am-niederrhein.de\/index.php?rest_route=%2Fwp%2Fv2%2Fmedia&parent=95"}],"curies":[{"name":"wp","href":"https:\/\/api.w.org\/{rel}","templated":true}]}}